{"id":4180,"date":"2010-06-14T19:15:19","date_gmt":"2010-06-14T19:15:19","guid":{"rendered":"http:\/\/www.surfzen.com\/cscp\/qui-sommes-nous.html"},"modified":"2020-06-11T02:04:29","modified_gmt":"2020-06-11T06:04:29","slug":"qui-sommes-nous","status":"publish","type":"page","link":"https:\/\/c-scp.org\/fr\/la-societe\/qui-sommes-nous","title":{"rendered":"Qui sommes-nous ?"},"content":{"rendered":"<p>La SCPC est un organisme professionnel vou\u00e9 au d\u00e9veloppement et \u00e0 la diffusion d\u2019id\u00e9es philosophiques s\u2019inscrivant dans la tradition continentale. Notre intention est de fournir un forum aux chercheurs et aux \u00e9tudiants de cycles sup\u00e9rieurs \u0153uvrant dans des domaines de la philosophie continentale tels la ph\u00e9nom\u00e9nologie, la th\u00e9orie critique, l\u2019herm\u00e9neutique, l\u2019existentialisme, la d\u00e9construction et le f\u00e9minisme.<\/p>\n<p>La Soci\u00e9t\u00e9 tient annuellement un congr\u00e8s, lors duquel ses membres sont invit\u00e9s \u00e0 pr\u00e9senter leurs recherches, qui peuvent porter de pr\u00e8s ou de loin sur des th\u00e8mes propres \u00e0 la philosophie continentale.<\/p>\n<p>Nous publions \u00e9galement <em>Symposium : Revue canadienne de philosophie continentale.<\/em><\/p>\n<h5>Historique<\/h5>\n<p>La Soci\u00e9t\u00e9 est fond\u00e9e en 1984 sous le nom de \u00ab\u00a0Soci\u00e9t\u00e9 canadienne pour l\u2019herm\u00e9neutique et la pens\u00e9e postmoderne\u00a0\u00bb. Son but premier est de promouvoir la recherche et l\u2019\u00e9rudition dans divers domaines de la philosophie continentale en organisant un congr\u00e8s annuel ainsi que d\u2019autres activit\u00e9s. Les fondateurs de la soci\u00e9t\u00e9 sont Gary Madison, Anthony Kerby, John van Buren, John King, Michael Yeo et Jeff Mitscherling. Le poste de pr\u00e9sident(e) sera occup\u00e9 par Gary Madison, Jeff Mitscherling, Linda Fisher, Marty Fairbairn, Paul Fairfield, Diane Enns, Iain Macdonald, et Shannon Hoff. La pr\u00e9sidence est actuellement assur\u00e9e par Laura McMahon.<\/p>\n<p>En 1997, la Soci\u00e9t\u00e9 publie le premier num\u00e9ro de <em>Symposium\u00a0: Revue de la Soci\u00e9t\u00e9 canadienne pour l\u2019herm\u00e9neutique et la pens\u00e9e postmoderne,<\/em> revue sp\u00e9cialis\u00e9e dont les articles sont soumis \u00e0 une \u00e9valuation anonyme par les pairs et qui est dirig\u00e9e par une comit\u00e9 \u00e9ditorial international. Son premier r\u00e9dacteur en chef est Donald Ipperciel, qui occupe son poste jusqu\u2019en 2001. Depuis, Paul Fairfield, Antonio Calcagno, Marie-Eve Morin et Lorraine Markotic auront \u00e9t\u00e9, successivement, r\u00e9dacteurs en chef.<\/p>\n<p>Suite \u00e0 un vote en 2004, la Soci\u00e9t\u00e9 devient \u00ab\u00a0La soci\u00e9t\u00e9 canadienne de philosophie continentale\u00a0\u00bb, de mani\u00e8re \u00e0 reconna\u00eetre la diversit\u00e9 d\u2019int\u00e9r\u00eats croissante de ses membres. La revue sera aussi rebaptis\u00e9e <em>Symposium\u00a0: Revue canadienne de philosophie continentale.<\/em><\/p>\n<p>Parmi ses membres actuels, la Soci\u00e9t\u00e9 compte plusieurs chercheurs et \u00e9tudiants des cycles sup\u00e9rieurs travaillant dans des domaines tels l\u2019id\u00e9alisme allemand, l\u2019existentialisme, la ph\u00e9nom\u00e9nologie, l\u2019herm\u00e9neutique, le post-structuralisme, le f\u00e9minisme et la d\u00e9construction. Leurs approches, vari\u00e9es et interdisciplinaires, sont emprunt\u00e9es aux sciences humaines, aux sciences sociales et\/ou aux beaux-arts. La soci\u00e9t\u00e9 se donne toujours pour mission de promouvoir la recherche originale et l\u2019\u00e9ducation dans ces divers domaines, par l\u2019organisation de son congr\u00e8s annuel et le rayonnement de sa revue.<\/p>\n","protected":false},"excerpt":{"rendered":"<p>La SCPC est un organisme professionnel vou\u00e9 au d\u00e9veloppement et \u00e0 la diffusion d\u2019id\u00e9es philosophiques s\u2019inscrivant dans la tradition continentale. Notre intention est de fournir un forum aux chercheurs et aux \u00e9tudiants de cycles sup\u00e9rieurs \u0153uvrant dans des domaines de la philosophie continentale tels la ph\u00e9nom\u00e9nologie, la th\u00e9orie critique, l\u2019herm\u00e9neutique, l\u2019existentialisme, la d\u00e9construction et le [&hellip;]<\/p>\n","protected":false},"author":8,"featured_media":0,"parent":4192,"menu_order":1,"comment_status":"closed","ping_status":"closed","template":"","meta":{"_et_pb_use_builder":"","_et_pb_old_content":"","_et_gb_content_width":"","footnotes":""},"class_list":["post-4180","page","type-page","status-publish","hentry"],"publishpress_future_action":{"enabled":false,"date":"2026-04-26 07:06:29","action":"Draft","newStatus":"draft","terms":[],"taxonomy":"translation_priority"},"publishpress_future_workflow_manual_trigger":{"enabledWorkflows":[]},"_links":{"self":[{"href":"https:\/\/c-scp.org\/fr\/wp-json\/wp\/v2\/pages\/4180","targetHints":{"allow":["GET"]}}],"collection":[{"href":"https:\/\/c-scp.org\/fr\/wp-json\/wp\/v2\/pages"}],"about":[{"href":"https:\/\/c-scp.org\/fr\/wp-json\/wp\/v2\/types\/page"}],"author":[{"embeddable":true,"href":"https:\/\/c-scp.org\/fr\/wp-json\/wp\/v2\/users\/8"}],"replies":[{"embeddable":true,"href":"https:\/\/c-scp.org\/fr\/wp-json\/wp\/v2\/comments?post=4180"}],"version-history":[{"count":5,"href":"https:\/\/c-scp.org\/fr\/wp-json\/wp\/v2\/pages\/4180\/revisions"}],"predecessor-version":[{"id":12071,"href":"https:\/\/c-scp.org\/fr\/wp-json\/wp\/v2\/pages\/4180\/revisions\/12071"}],"up":[{"embeddable":true,"href":"https:\/\/c-scp.org\/fr\/wp-json\/wp\/v2\/pages\/4192"}],"wp:attachment":[{"href":"https:\/\/c-scp.org\/fr\/wp-json\/wp\/v2\/media?parent=4180"}],"curies":[{"name":"wp","href":"https:\/\/api.w.org\/{rel}","templated":true}]}}