{"id":4182,"date":"2010-06-15T02:27:26","date_gmt":"2010-06-15T06:27:26","guid":{"rendered":"http:\/\/www.surfzen.com\/cscp\/scpc-2015.html"},"modified":"2026-03-24T11:55:54","modified_gmt":"2026-03-24T15:55:54","slug":"scpc-2017","status":"publish","type":"page","link":"https:\/\/c-scp.org\/fr\/congres\/scpc-2017","title":{"rendered":"SCPC 2026"},"content":{"rendered":"<p>La Soci\u00e9t\u00e9 canadienne de philosophie continentale tiendra son congr\u00e8s annuel du 22 au 24 octobre 2026 \u00e0 Universit\u00e9 de Montr\u00e9al.<\/p>\n<p><a href=\"https:\/\/c-scp.org\/wp-content\/uploads\/CSCP-CFP-2026.pdf\">Appel \u00e0 communications<\/a>.<\/p>\n","protected":false},"excerpt":{"rendered":"<p>La Soci\u00e9t\u00e9 canadienne de philosophie continentale tiendra son congr\u00e8s annuel du 22 au 24 octobre 2026 \u00e0 Universit\u00e9 de Montr\u00e9al. Appel \u00e0 communications.<\/p>\n","protected":false},"author":16,"featured_media":0,"parent":4194,"menu_order":21,"comment_status":"closed","ping_status":"closed","template":"","meta":{"_et_pb_use_builder":"","_et_pb_old_content":"","_et_gb_content_width":"","footnotes":""},"class_list":["post-4182","page","type-page","status-publish","hentry"],"publishpress_future_action":{"enabled":false,"date":"2026-05-04 12:55:05","action":"Draft","newStatus":"draft","terms":[],"taxonomy":"translation_priority"},"publishpress_future_workflow_manual_trigger":{"enabledWorkflows":[]},"_links":{"self":[{"href":"https:\/\/c-scp.org\/fr\/wp-json\/wp\/v2\/pages\/4182","targetHints":{"allow":["GET"]}}],"collection":[{"href":"https:\/\/c-scp.org\/fr\/wp-json\/wp\/v2\/pages"}],"about":[{"href":"https:\/\/c-scp.org\/fr\/wp-json\/wp\/v2\/types\/page"}],"author":[{"embeddable":true,"href":"https:\/\/c-scp.org\/fr\/wp-json\/wp\/v2\/users\/16"}],"replies":[{"embeddable":true,"href":"https:\/\/c-scp.org\/fr\/wp-json\/wp\/v2\/comments?post=4182"}],"version-history":[{"count":10,"href":"https:\/\/c-scp.org\/fr\/wp-json\/wp\/v2\/pages\/4182\/revisions"}],"predecessor-version":[{"id":13850,"href":"https:\/\/c-scp.org\/fr\/wp-json\/wp\/v2\/pages\/4182\/revisions\/13850"}],"up":[{"embeddable":true,"href":"https:\/\/c-scp.org\/fr\/wp-json\/wp\/v2\/pages\/4194"}],"wp:attachment":[{"href":"https:\/\/c-scp.org\/fr\/wp-json\/wp\/v2\/media?parent=4182"}],"curies":[{"name":"wp","href":"https:\/\/api.w.org\/{rel}","templated":true}]}}