{"id":4186,"date":"2010-06-15T03:04:15","date_gmt":"2010-06-15T07:04:15","guid":{"rendered":"http:\/\/www.surfzen.com\/cscp\/la-revue.html"},"modified":"2025-09-03T12:02:05","modified_gmt":"2025-09-03T16:02:05","slug":"la-revue","status":"publish","type":"page","link":"https:\/\/c-scp.org\/fr\/symposium-2\/la-revue","title":{"rendered":"La revue"},"content":{"rendered":"<p>[et_pb_section fb_built=\u00a0\u00bb1&Prime; admin_label=\u00a0\u00bbsection\u00a0\u00bb _builder_version=\u00a0\u00bb4.16&Prime; global_colors_info=\u00a0\u00bb{}\u00a0\u00bb][et_pb_row admin_label=\u00a0\u00bbrow\u00a0\u00bb _builder_version=\u00a0\u00bb4.16&Prime; background_size=\u00a0\u00bbinitial\u00a0\u00bb background_position=\u00a0\u00bbtop_left\u00a0\u00bb background_repeat=\u00a0\u00bbrepeat\u00a0\u00bb global_colors_info=\u00a0\u00bb{}\u00a0\u00bb][et_pb_column type=\u00a0\u00bb4_4&Prime; _builder_version=\u00a0\u00bb4.16&Prime; custom_padding=\u00a0\u00bb|||\u00a0\u00bb global_colors_info=\u00a0\u00bb{}\u00a0\u00bb custom_padding__hover=\u00a0\u00bb|||\u00a0\u00bb][et_pb_text admin_label=\u00a0\u00bbText\u00a0\u00bb _builder_version=\u00a0\u00bb4.16&Prime; background_size=\u00a0\u00bbinitial\u00a0\u00bb background_position=\u00a0\u00bbtop_left\u00a0\u00bb background_repeat=\u00a0\u00bbrepeat\u00a0\u00bb global_colors_info=\u00a0\u00bb{}\u00a0\u00bb]<\/p>\n<p>La revue <em>Symposium<\/em> est l\u2019organe officiel de la Soci\u00e9t\u00e9 canadienne de philosophie continentale. Publi\u00e9e deux fois par ann\u00e9e, <em>Symposium<\/em> se consacre \u00e0 la diffusion en anglais et en fran\u00e7ais d\u2019articles, d\u2019\u00e9tudes critiques, de comptes rendus et d\u2019entrevues philosophiques correspondant aux int\u00e9r\u00eats des membres de la Soci\u00e9t\u00e9. La revue encourage la contribution du plus grand nombre possible de collaborateurs et collaboratrices oeuvrant dans des domaines de la philosophie continentale tels la ph\u00e9nom\u00e9nologie, la philosophie existentielle, l\u2019herm\u00e9neutique, le structuralisme, le post-structuralisme, la th\u00e9orie critique, la d\u00e9construction, et le f\u00e9minisme. Les articles de la revue sont arbitr\u00e9s par les pairs, puis r\u00e9pertori\u00e9s dans The Philosopher\u2019s Index et The International Bibliography of the Social Sciences.<\/p>\n<p>Les textes des articles (versions int\u00e9grales) sont disponibles aux institutions abonn\u00e9es (via EBSCOhost<sup>\u00ae<\/sup> et <a href=\"http:\/\/www.pdcnet.org\/symposium\" target=\"_blank\" rel=\"noopener noreferrer\">Philosophy Documentation Center<\/a>). A l&rsquo;exception des articles parus il y a moins d&rsquo;un an, tous les articles sont disponibles en version \u00e9lectronique en libre acc\u00e8s sur le site du <a href=\"https:\/\/www.pdcnet.org\/symposium\/free\" target=\"_blank\" rel=\"noopener noreferrer\">Philosophy Documentation Center<\/a>. Les tables des mati\u00e8res et les r\u00e9sum\u00e9s de textes des num\u00e9ros r\u00e9cents sont aussi disponibles gratuitement sur le site du <a href=\"http:\/\/www.pdcnet.org\/symposium\/toc\" target=\"_blank\" rel=\"noopener noreferrer\">Philosophy Documentation Center<\/a>.<\/p>\n<div>Note \u00e0 l\u2019attention des auteurs qui ont soumis des articles au printemps\u00a02025.\u00a0Lors de la mise \u00e0 jour de notre site web, nous avons malheureusement perdu les courriels envoy\u00e9s au Symposium pendant quelques semaines.\u00a0Il nous est malheureusement impossible de r\u00e9cup\u00e9rer ces courriels, mais nous avons corrig\u00e9 l\u2019erreur. Nous vous prions de nous excuser pour ce contretemps et pour le fait que vos articles n\u2019aient pas encore \u00e9t\u00e9 \u00e9valu\u00e9s. Nous vous demandons de bien vouloir nous renvoyer vos articles \u00e0 l\u2019adresse\u00a0<a href=\"mailto:symposium@c-scp.org\" target=\"_blank\" rel=\"noopener\">symposium@c-scp.org<\/a>\u00a0Merci!<\/div>\n<div><\/div>\n<p><em>Symposium<\/em> est imprim\u00e9 au Canada. ISSN: 1917-9685.<\/p>\n<p>[\/et_pb_text][\/et_pb_column][\/et_pb_row][\/et_pb_section]<\/p>\n","protected":false},"excerpt":{"rendered":"<p>[et_pb_section fb_built=\u00a0\u00bb1&Prime; admin_label=\u00a0\u00bbsection\u00a0\u00bb _builder_version=\u00a0\u00bb4.16&Prime; global_colors_info=\u00a0\u00bb{}\u00a0\u00bb][et_pb_row admin_label=\u00a0\u00bbrow\u00a0\u00bb _builder_version=\u00a0\u00bb4.16&Prime; background_size=\u00a0\u00bbinitial\u00a0\u00bb background_position=\u00a0\u00bbtop_left\u00a0\u00bb background_repeat=\u00a0\u00bbrepeat\u00a0\u00bb global_colors_info=\u00a0\u00bb{}\u00a0\u00bb][et_pb_column type=\u00a0\u00bb4_4&Prime; _builder_version=\u00a0\u00bb4.16&Prime; custom_padding=\u00a0\u00bb|||\u00a0\u00bb global_colors_info=\u00a0\u00bb{}\u00a0\u00bb custom_padding__hover=\u00a0\u00bb|||\u00a0\u00bb][et_pb_text admin_label=\u00a0\u00bbText\u00a0\u00bb _builder_version=\u00a0\u00bb4.16&Prime; background_size=\u00a0\u00bbinitial\u00a0\u00bb background_position=\u00a0\u00bbtop_left\u00a0\u00bb background_repeat=\u00a0\u00bbrepeat\u00a0\u00bb global_colors_info=\u00a0\u00bb{}\u00a0\u00bb] La revue Symposium est l\u2019organe officiel de la Soci\u00e9t\u00e9 canadienne de philosophie continentale. Publi\u00e9e deux fois par ann\u00e9e, Symposium se consacre \u00e0 la diffusion en anglais et en fran\u00e7ais d\u2019articles, d\u2019\u00e9tudes critiques, de [&hellip;]<\/p>\n","protected":false},"author":8,"featured_media":0,"parent":4184,"menu_order":11,"comment_status":"closed","ping_status":"closed","template":"","meta":{"_et_pb_use_builder":"off","_et_pb_old_content":"La revue <em>Symposium<\/em> est l\u2019organe officiel de la Soci\u00e9t\u00e9 canadienne de philosophie continentale. Publi\u00e9e deux fois par ann\u00e9e, <em>Symposium<\/em> se consacre \u00e0 la diffusion en anglais et en fran\u00e7ais d\u2019articles, d\u2019\u00e9tudes critiques, de comptes rendus et d\u2019entrevues philosophiques correspondant aux int\u00e9r\u00eats des membres de la Soci\u00e9t\u00e9. La revue encourage la contribution du plus grand nombre possible de collaborateurs et collaboratrices oeuvrant dans des domaines de la philosophie continentale tels la ph\u00e9nom\u00e9nologie, la philosophie existentielle, l\u2019herm\u00e9neutique, le structuralisme, le post-structuralisme, la th\u00e9orie critique, la d\u00e9construction, et le f\u00e9minisme. Les articles de la revue sont arbitr\u00e9s par les pairs, puis r\u00e9pertori\u00e9s dans The Philosopher\u2019s Index et The International Bibliography of the Social Sciences.\r\n\r\nLes textes des articles (versions int\u00e9grales) sont disponibles aux institutions abonn\u00e9es (via EBSCOhost<sup>\u00ae<\/sup> et <a href=\"http:\/\/www.pdcnet.org\/symposium\" target=\"_blank\" rel=\"noopener noreferrer\">Philosophy Documentation Center<\/a>). Les articles parus il y a plus de deux ans sont disponibles en version \u00e9lectronique en libre acc\u00e8s sur le site du <a href=\"https:\/\/www.pdcnet.org\/symposium\/free\" target=\"_blank\" rel=\"noopener noreferrer\">Philosophy Documentation Center<\/a>. Les tables des mati\u00e8res et les r\u00e9sum\u00e9s de textes des num\u00e9ros r\u00e9cents sont aussi disponibles gratuitement sur le site du <a href=\"http:\/\/www.pdcnet.org\/symposium\/toc\" target=\"_blank\" rel=\"noopener noreferrer\">Philosophy Documentation Center<\/a>.\r\n\r\n<em>Symposium<\/em> se conforme \u00e0 la Politique du CRSH sur le libre acc\u00e8s aux publications en permettant aux auteurs et auteures de mettre la version finale de leur article, apr\u00e8s \u00e9valuation par les pairs, sur leur site web personnel et de l'archiver dans le d\u00e9p\u00f4t en ligne de leur \u00e9tablissement ou un d\u00e9p\u00f4t disciplinaire comme Academia.edu.\r\n\r\n<em>Symposium<\/em> est imprim\u00e9 au Canada. ISSN: 1917-9685.","_et_gb_content_width":"","footnotes":""},"class_list":["post-4186","page","type-page","status-publish","hentry"],"publishpress_future_action":{"enabled":false,"date":"2026-05-22 18:31:28","action":"Draft","newStatus":"draft","terms":[],"taxonomy":"translation_priority"},"publishpress_future_workflow_manual_trigger":{"enabledWorkflows":[]},"_links":{"self":[{"href":"https:\/\/c-scp.org\/fr\/wp-json\/wp\/v2\/pages\/4186","targetHints":{"allow":["GET"]}}],"collection":[{"href":"https:\/\/c-scp.org\/fr\/wp-json\/wp\/v2\/pages"}],"about":[{"href":"https:\/\/c-scp.org\/fr\/wp-json\/wp\/v2\/types\/page"}],"author":[{"embeddable":true,"href":"https:\/\/c-scp.org\/fr\/wp-json\/wp\/v2\/users\/8"}],"replies":[{"embeddable":true,"href":"https:\/\/c-scp.org\/fr\/wp-json\/wp\/v2\/comments?post=4186"}],"version-history":[{"count":5,"href":"https:\/\/c-scp.org\/fr\/wp-json\/wp\/v2\/pages\/4186\/revisions"}],"predecessor-version":[{"id":13852,"href":"https:\/\/c-scp.org\/fr\/wp-json\/wp\/v2\/pages\/4186\/revisions\/13852"}],"up":[{"embeddable":true,"href":"https:\/\/c-scp.org\/fr\/wp-json\/wp\/v2\/pages\/4184"}],"wp:attachment":[{"href":"https:\/\/c-scp.org\/fr\/wp-json\/wp\/v2\/media?parent=4186"}],"curies":[{"name":"wp","href":"https:\/\/api.w.org\/{rel}","templated":true}]}}