{"id":4188,"date":"2010-06-15T11:30:39","date_gmt":"2010-06-15T15:30:39","guid":{"rendered":"http:\/\/www.surfzen.com\/cscp\/livres-recus.html"},"modified":"2017-10-17T20:44:28","modified_gmt":"2017-10-18T00:44:28","slug":"livres-recus","status":"publish","type":"page","link":"https:\/\/c-scp.org\/fr\/symposium-2\/livres-recus","title":{"rendered":"Livres re\u00e7us"},"content":{"rendered":"<p><em>Symposium <\/em>publie 20-30 comptes rendus annuellement, lesquels portent sur tous les domaines de la philosophie continentale et de l\u2019histoire de la philosophie.  Les comptes rendus comptent normalement entre 1200 \u00e0 2000 mots. Ils ne peuvent inclure de notes (citations internes uniquement) mais il est possible d&rsquo;ajouter une courte bibliographie \u00e0 la fin si n\u00e9cessaire. Une fois accept\u00e9s, les comptes rendus sont mis en ligne imm\u00e9diatement sur notre site web et une liste des comptes rendus r\u00e9cents est publi\u00e9e dans chaque num\u00e9ro de <em>Symposium<\/em>.<\/p>\n<p>Pour toute demande d&rsquo;information ou pour soumettre un compte rendu, veuillez contacter\u00a0:\u00a0<a href=\"mailto:comptesrendus@c-scp.org?subject=Compte rendu pour Symposium\">comptesrendus@c-scp.org<\/a><\/p>\n<p>Nous sommes \u00e0 la recherche d&rsquo;auteurs de comptes rendus pour les livres suivants. Si vous \u00eates int\u00e9ress\u00e9 \u00e0 r\u00e9diger le compte rendu d\u2019un livre qui ne para\u00eet pas dans la liste suivante, veuillez communiquer avec le r\u00e9dacteur des comptes rendus par courriel \u00e0 l&rsquo;adresse ci-dessus. Nous acceptons aussi des comptes rendus non sollicit\u00e9s.<\/p>\n<p style=\"margin-bottom: 2em;\">Vous pouvez cliquer sur les en-t\u00eates pour trier la liste ou filtrer la liste en effectuant une recherche.<\/p>\n\n<table id=\"tablepress-1\" class=\"tablepress tablepress-id-1\">\n<thead>\n<tr class=\"row-1\">\n\t<th class=\"column-1\">Author \/ Auteur<\/th><th class=\"column-2\">Title \/ Titre<\/th><th class=\"column-3\">Press \/ \u00c9diteur<\/th><th class=\"column-4\">Year \/ Ann\u00e9e<\/th>\n<\/tr>\n<\/thead>\n<tbody class=\"row-striping\">\n<tr class=\"row-2\">\n\t<td class=\"column-1\">Meinong, Alexius<\/td><td class=\"column-2\">On Emotional Presentation <\/td><td class=\"column-3\">Northwestern UP<\/td><td class=\"column-4\">2020<\/td>\n<\/tr>\n<tr class=\"row-3\">\n\t<td class=\"column-1\">Merleau-Ponty, Maurice<\/td><td class=\"column-2\">The Sensible World and the World of Expression: Course Notes from the Coll\u00e8ge de France, 1953<\/td><td class=\"column-3\">Northwestern UP<\/td><td class=\"column-4\">2020<\/td>\n<\/tr>\n<tr class=\"row-4\">\n\t<td class=\"column-1\">Paquette, Elisabeth<\/td><td class=\"column-2\">Universal Emancipation: Race beyond Badiou<\/td><td class=\"column-3\">Minnesota UP<\/td><td class=\"column-4\">2020<\/td>\n<\/tr>\n<tr class=\"row-5\">\n\t<td class=\"column-1\">Plessner, Helmuth<\/td><td class=\"column-2\">Laughing and Crying: A Study of the Limits of Human Behavior<\/td><td class=\"column-3\">Northwestern UP<\/td><td class=\"column-4\">2020<\/td>\n<\/tr>\n<\/tbody>\n<\/table>\n\n","protected":false},"excerpt":{"rendered":"<p>Symposium publie 20-30 comptes rendus annuellement, lesquels portent sur tous les domaines de la philosophie continentale et de l\u2019histoire de la philosophie. Les comptes rendus comptent normalement entre 1200 \u00e0 2000 mots. Ils ne peuvent inclure de notes (citations internes uniquement) mais il est possible d&rsquo;ajouter une courte bibliographie \u00e0 la fin si n\u00e9cessaire. Une [&hellip;]<\/p>\n","protected":false},"author":8,"featured_media":0,"parent":4184,"menu_order":17,"comment_status":"closed","ping_status":"closed","template":"","meta":{"_et_pb_use_builder":"","_et_pb_old_content":"","_et_gb_content_width":"","footnotes":""},"class_list":["post-4188","page","type-page","status-publish","hentry"],"publishpress_future_action":{"enabled":false,"date":"2026-05-07 15:42:11","action":"Draft","newStatus":"draft","terms":[],"taxonomy":"translation_priority"},"publishpress_future_workflow_manual_trigger":{"enabledWorkflows":[]},"_links":{"self":[{"href":"https:\/\/c-scp.org\/fr\/wp-json\/wp\/v2\/pages\/4188","targetHints":{"allow":["GET"]}}],"collection":[{"href":"https:\/\/c-scp.org\/fr\/wp-json\/wp\/v2\/pages"}],"about":[{"href":"https:\/\/c-scp.org\/fr\/wp-json\/wp\/v2\/types\/page"}],"author":[{"embeddable":true,"href":"https:\/\/c-scp.org\/fr\/wp-json\/wp\/v2\/users\/8"}],"replies":[{"embeddable":true,"href":"https:\/\/c-scp.org\/fr\/wp-json\/wp\/v2\/comments?post=4188"}],"version-history":[{"count":2,"href":"https:\/\/c-scp.org\/fr\/wp-json\/wp\/v2\/pages\/4188\/revisions"}],"predecessor-version":[{"id":5950,"href":"https:\/\/c-scp.org\/fr\/wp-json\/wp\/v2\/pages\/4188\/revisions\/5950"}],"up":[{"embeddable":true,"href":"https:\/\/c-scp.org\/fr\/wp-json\/wp\/v2\/pages\/4184"}],"wp:attachment":[{"href":"https:\/\/c-scp.org\/fr\/wp-json\/wp\/v2\/media?parent=4188"}],"curies":[{"name":"wp","href":"https:\/\/api.w.org\/{rel}","templated":true}]}}