{"id":4190,"date":"2010-06-15T22:00:03","date_gmt":"2010-06-16T02:00:03","guid":{"rendered":"http:\/\/www.surfzen.com\/cscp\/constitution.html"},"modified":"2010-06-15T22:00:03","modified_gmt":"2010-06-16T02:00:03","slug":"constitution","status":"publish","type":"page","link":"https:\/\/c-scp.org\/fr\/la-societe\/constitution","title":{"rendered":"Constitution"},"content":{"rendered":"<p>1.\u00a0\u00a0Le nom de la soci\u00e9t\u00e9 est : The Canadian Society for Continental Philosophy \/ La Soci\u00e9t\u00e9 canadienne de philosophie continentale.<\/p>\n<p style=\"margin-left: 3em; margin-right: 3em;\">1.1.\u00a0\u00a0Ce nom remplace le nom pr\u00e9c\u00e9dent de Canadian Society for Hermeneutics and Postmodern Thought \/ La soci\u00e9t\u00e9 canadienne pour l\u2019herm\u00e9neutique et la pens\u00e9e postmoderne.<\/p>\n<p>2.\u00a0\u00a0L\u2019objectif de la soci\u00e9t\u00e9 est de promouvoir, au Canada et \u00e0 l\u2019\u00e9chelle internationale, l\u2019\u00e9tude de la philosophie continentale contemporaine, entendue au sens large et comprenant entre autres : l\u2019id\u00e9alisme allemand, la ph\u00e9nom\u00e9nologie, les philosophies de l\u2019existence, l\u2019herm\u00e9neutique, la th\u00e9orie critique, le f\u00e9minisme, le poststructuralisme, le postmodernisme et la d\u00e9construction.<\/p>\n<p style=\"margin-left: 3em; margin-right: 3em;\">2.1.\u00a0\u00a0\u00c0 cette fin, la soci\u00e9t\u00e9 (i) organisera un congr\u00e8s annuel; (ii) publiera une revue (intitul\u00e9e <em>Symposium\u00a0: Canadian Journal of Continental Philosophy<\/em>); et (iii) maintiendra un site Web.<\/p>\n<p style=\"margin-left: 3em; margin-right: 3em;\">2.2.\u00a0\u00a0Les langues officielles de la soci\u00e9t\u00e9 sont le fran\u00e7ais et l\u2019anglais.<\/p>\n<p>3.\u00a0\u00a0Toute personne ayant un int\u00e9r\u00eat acad\u00e9mique pour la philosophie continentale, telle que d\u00e9finie au point 2 ci-haut, ou pour tout autre champ connexe, peut devenir membre de la soci\u00e9t\u00e9. La soci\u00e9t\u00e9 souscrit \u00e0 une approche pluraliste de la philosophie.<\/p>\n<p>4.\u00a0\u00a0La soci\u00e9t\u00e9 est dirig\u00e9e par un comit\u00e9 ex\u00e9cutif compos\u00e9 d\u2019un(e) pr\u00e9sident(e), du(de la) r\u00e9dacteur(trice) de la revue, de jusqu\u2019\u00e0 quatre membres \u00e0 titre particulier, d\u2019un(e) \u00e9tudiant(e) aux cycles sup\u00e9rieurs, et d\u2019un(e) tr\u00e9sorier(\u00e8re).<\/p>\n<p style=\"margin-left: 3em; margin-right: 3em;\">4.1.\u00a0\u00a0Le(la) pr\u00e9sident(e), qui est responsable de l\u2019administration de la soci\u00e9t\u00e9, pr\u00e9side toutes les r\u00e9unions de la soci\u00e9t\u00e9, les assembl\u00e9es g\u00e9n\u00e9rales et les assembl\u00e9es ex\u00e9cutives.<\/p>\n<p style=\"margin-left: 3em; margin-right: 3em;\">4.2.\u00a0\u00a0Les membres \u00e0 titre particulier du comit\u00e9 ex\u00e9cutif sont responsables de la s\u00e9lection du(de la) gagnant(e) du prix annuel de la meilleure dissertation \u00e9tudiante et de l\u2019\u00e9valuation des textes soumis en r\u00e9ponse \u00e0 l\u2019appel de communications pour le congr\u00e8s annuel. Par ailleurs, les membres \u00e0 titre particulier agissent en tant que conseillers(\u00e8res) au(\u00e0 la) pr\u00e9sident(e) de la soci\u00e9t\u00e9.<\/p>\n<p style=\"margin-left: 3em; margin-right: 3em;\">4.3.\u00a0\u00a0Le(la) repr\u00e9sentant(e) \u00e9tudiant(e) est responsable de la diffusion d\u2019\u00e9v\u00e9nements aupr\u00e8s des \u00e9tudiants aux cycles sup\u00e9rieurs et doit aussi apporter aide et soutien lors du congr\u00e8s annuel (par exemple : les inscriptions et la table de pr\u00e9sentation des publications r\u00e9centes). L&rsquo;\u00e9lu(e) peut rester en poste pour une p\u00e9riode de jusqu&rsquo;\u00e0 trois ans.<\/p>\n<p style=\"margin-left: 3em; margin-right: 3em;\">4.4.\u00a0\u00a0Le(la) tr\u00e9sorier(\u00e8re) collecte les cotisations des membres et veille aux transactions financi\u00e8res de la soci\u00e9t\u00e9 ainsi qu\u2019\u00e0 la gestion de la base de donn\u00e9es. Il(elle) pr\u00e9sente des rapports aux membres \u00e0 la demande du comit\u00e9 ex\u00e9cutif.<\/p>\n<p style=\"margin-left: 3em; margin-right: 3em;\">4.5.\u00a0\u00a0Le(la) pr\u00e9sident(e) et les membres du comit\u00e9 ex\u00e9cutif, \u00e0 l\u2019exception du(de la) r\u00e9dacteur(trice) de la revue <em>Symposium<\/em> et du(de la) repr\u00e9sentant(e) \u00e9tudiant(e)<em>,<\/em> sont choisi(e)s et \u00e9lu(e)s lors de l\u2019assembl\u00e9e g\u00e9n\u00e9rale, tenue lors du congr\u00e8s annuel.Le mandat des membres du comit\u00e9 est de trois ans.<\/p>\n<p style=\"margin-left: 3em; margin-right: 3em;\">4.6.\u00a0\u00a0Le(la) r\u00e9dacteur(trice) de la revue <em>Symposium<\/em> doit \u00eatre un(e) chercheur(e) r\u00e9put\u00e9(e) dans le domaine de la philosophie continentale. Il(elle) sera \u00e9lu(e) par le comit\u00e9 ex\u00e9cutif pour un mandat \u00e0 d\u00e9terminer par le comit\u00e9 ex\u00e9cutif, suite \u00e0 une annonce de poste distribu\u00e9e \u00e0 l\u2019ensemble des membres de la soci\u00e9t\u00e9.<\/p>\n<p>5.\u00a0\u00a0La soci\u00e9t\u00e9 tient une assembl\u00e9e g\u00e9n\u00e9rale des membres une fois par ann\u00e9e, lors du congr\u00e8s annuel.<\/p>\n<p>6.\u00a0\u00a0La constitution peut \u00eatre amend\u00e9e par un vote \u00e0 la majorit\u00e9 des deux tiers des membres pr\u00e9sents et votant \u00e0 l\u2019assembl\u00e9e g\u00e9n\u00e9rale des membres.<\/p>\n","protected":false},"excerpt":{"rendered":"<p>1.\u00a0\u00a0Le nom de la soci\u00e9t\u00e9 est : The Canadian Society for Continental Philosophy \/ La Soci\u00e9t\u00e9 canadienne de philosophie continentale. 1.1.\u00a0\u00a0Ce nom remplace le nom pr\u00e9c\u00e9dent de Canadian Society for Hermeneutics and Postmodern Thought \/ La soci\u00e9t\u00e9 canadienne pour l\u2019herm\u00e9neutique et la pens\u00e9e postmoderne. 2.\u00a0\u00a0L\u2019objectif de la soci\u00e9t\u00e9 est de promouvoir, au Canada et \u00e0 [&hellip;]<\/p>\n","protected":false},"author":8,"featured_media":0,"parent":4192,"menu_order":3,"comment_status":"closed","ping_status":"closed","template":"","meta":{"_et_pb_use_builder":"","_et_pb_old_content":"","_et_gb_content_width":"","footnotes":""},"class_list":["post-4190","page","type-page","status-publish","hentry"],"publishpress_future_action":{"enabled":false,"date":"2026-05-04 12:55:05","action":"Draft","newStatus":"draft","terms":[],"taxonomy":"translation_priority"},"publishpress_future_workflow_manual_trigger":{"enabledWorkflows":[]},"_links":{"self":[{"href":"https:\/\/c-scp.org\/fr\/wp-json\/wp\/v2\/pages\/4190","targetHints":{"allow":["GET"]}}],"collection":[{"href":"https:\/\/c-scp.org\/fr\/wp-json\/wp\/v2\/pages"}],"about":[{"href":"https:\/\/c-scp.org\/fr\/wp-json\/wp\/v2\/types\/page"}],"author":[{"embeddable":true,"href":"https:\/\/c-scp.org\/fr\/wp-json\/wp\/v2\/users\/8"}],"replies":[{"embeddable":true,"href":"https:\/\/c-scp.org\/fr\/wp-json\/wp\/v2\/comments?post=4190"}],"version-history":[{"count":0,"href":"https:\/\/c-scp.org\/fr\/wp-json\/wp\/v2\/pages\/4190\/revisions"}],"up":[{"embeddable":true,"href":"https:\/\/c-scp.org\/fr\/wp-json\/wp\/v2\/pages\/4192"}],"wp:attachment":[{"href":"https:\/\/c-scp.org\/fr\/wp-json\/wp\/v2\/media?parent=4190"}],"curies":[{"name":"wp","href":"https:\/\/api.w.org\/{rel}","templated":true}]}}