{"id":4194,"date":"2010-06-15T22:14:39","date_gmt":"2010-06-16T02:14:39","guid":{"rendered":"http:\/\/www.surfzen.com\/cscp\/congres.html"},"modified":"2026-03-24T11:56:49","modified_gmt":"2026-03-24T15:56:49","slug":"congres","status":"publish","type":"page","link":"https:\/\/c-scp.org\/fr\/congres","title":{"rendered":"Congr\u00e8s 2026"},"content":{"rendered":"<p>La Soci\u00e9t\u00e9 canadienne de philosophie continentale tiendra son congr\u00e8s annuel du 22 au 24 octobre 2026 \u00e0 Universit\u00e9 de Montr\u00e9al.<\/p>\n<p><a href=\"https:\/\/c-scp.org\/wp-content\/uploads\/CSCP-CFP-2026.pdf\">Appel \u00e0 communications<\/a>.<\/p>\n","protected":false},"excerpt":{"rendered":"<p>La Soci\u00e9t\u00e9 canadienne de philosophie continentale tiendra son congr\u00e8s annuel du 22 au 24 octobre 2026 \u00e0 Universit\u00e9 de Montr\u00e9al. Appel \u00e0 communications.<\/p>\n","protected":false},"author":8,"featured_media":0,"parent":0,"menu_order":20,"comment_status":"closed","ping_status":"closed","template":"","meta":{"_et_pb_use_builder":"","_et_pb_old_content":"","_et_gb_content_width":"","footnotes":""},"class_list":["post-4194","page","type-page","status-publish","hentry"],"publishpress_future_action":{"enabled":false,"date":"2026-04-26 07:06:28","action":"Draft","newStatus":"draft","terms":[],"taxonomy":"translation_priority"},"publishpress_future_workflow_manual_trigger":{"enabledWorkflows":[]},"_links":{"self":[{"href":"https:\/\/c-scp.org\/fr\/wp-json\/wp\/v2\/pages\/4194","targetHints":{"allow":["GET"]}}],"collection":[{"href":"https:\/\/c-scp.org\/fr\/wp-json\/wp\/v2\/pages"}],"about":[{"href":"https:\/\/c-scp.org\/fr\/wp-json\/wp\/v2\/types\/page"}],"author":[{"embeddable":true,"href":"https:\/\/c-scp.org\/fr\/wp-json\/wp\/v2\/users\/8"}],"replies":[{"embeddable":true,"href":"https:\/\/c-scp.org\/fr\/wp-json\/wp\/v2\/comments?post=4194"}],"version-history":[{"count":6,"href":"https:\/\/c-scp.org\/fr\/wp-json\/wp\/v2\/pages\/4194\/revisions"}],"predecessor-version":[{"id":14040,"href":"https:\/\/c-scp.org\/fr\/wp-json\/wp\/v2\/pages\/4194\/revisions\/14040"}],"wp:attachment":[{"href":"https:\/\/c-scp.org\/fr\/wp-json\/wp\/v2\/media?parent=4194"}],"curies":[{"name":"wp","href":"https:\/\/api.w.org\/{rel}","templated":true}]}}