{"id":4198,"date":"2010-06-15T22:34:12","date_gmt":"2010-06-16T02:34:12","guid":{"rendered":"http:\/\/www.surfzen.com\/cscp\/prix-annuel-du-meilleur-livre.html"},"modified":"2026-04-14T02:05:33","modified_gmt":"2026-04-14T06:05:33","slug":"prix-annuel-du-meilleur-livre","status":"publish","type":"page","link":"https:\/\/c-scp.org\/fr\/symposium-2\/prix-annuel-du-meilleur-livre","title":{"rendered":"Prix annuel du meilleur livre"},"content":{"rendered":"<h5>Les instructions de soumission sont disponible <a href=\"#Info\">ici<\/a>.<\/h5>\n<h4 style=\"margin-top: 3em\">2025<\/h4>\n<hr \/>\n<p>Laur\u00e9at du vingti\u00e8me Prix annuel du meilleur livre de <em>Symposium<\/em> : <\/p>\n<p><strong>Maxime Doyon<\/strong>, <em><a href=\"https:\/\/academic.oup.com\/book\/56499\" target=\"_blank\" rel=\"noopener noreferrer\">Phenomenology and the Norms of Perception<\/a><\/em>, Oxford University Press, 2024.<\/p>\n<p style=\"text-align: center;\"><a href=\"https:\/\/academic.oup.com\/book\/56499\" target=\"_blank\" rel=\"noopener noreferrer\"><img decoding=\"async\" style=\"max-width: 250px;\" src=\"https:\/\/www.oupcanada.com\/documents\/Image\/Jackets\/l\/9780198884224.jpg\" alt=\"Doyon : Phenomenology and the Norms of Perception\" \/><\/a><\/p>\n<p><strong>Adrian Johnston<\/strong>, <em><a href=\"https:\/\/cup.columbia.edu\/book\/infinite-greed\/9780231214735\/\" target=\"_blank\" rel=\"noopener noreferrer\">Infinite Greed: The Inhuman Selfishness of Capital<\/a><\/em>, Columbia University Press, 2024.<\/p>\n<p style=\"text-align: center;\"><a href=\"https:\/\/cup.columbia.edu\/book\/infinite-greed\/9780231214735\/\" target=\"_blank\" rel=\"noopener noreferrer\"><img decoding=\"async\" style=\"max-width: 250px;\" src=\"https:\/\/cup-us.imgix.net\/covers\/9780231214735.jpg\" alt=\"Johnston : Infinite Greed\" \/><\/a><\/p>\n<p class=\"smalltxt\">Les livres soumis dans le cadre de ce concours ont \u00e9t\u00e9 \u00e9valu\u00e9s par des membres du comit\u00e9 \u00e9ditorial de <em>Symposium<\/em> et du comit\u00e9 ex\u00e9cutif de la SCPC.<\/p>\n<h4>Laur\u00e9at.e.s pr\u00e9c\u00e9dent.e.s<\/h4>\n<hr \/>\n<ul>\n<li>2024: Henry Dicks, <em><a href=\"https:\/\/cup.columbia.edu\/book\/the-biomimicry-revolution\/9780231208819\" target=\"_blank\" rel=\"noopener noreferrer\">The Biomimicry Revolution: Learning From Nature How to Inhabit the Earth<\/a><\/em>, Columbia UP, 2023.<\/li>\n<li>2023: April Flakne, <em><a href=\"https:\/\/www.ohioswallow.com\/9780821424964\/the-affection-in-between\/\" target=\"_blank\" rel=\"noopener noreferrer\">The Affection in Between: From Common Sense to Sensing in Common<\/a><\/em>, Ohio UP, 2022.<\/li>\n<li>2023: Pierre-Alexandre Fradet, <em><a href=\"https:\/\/www.groupenotabene.com\/publication\/le-d%C3%A9sir-du-r%C3%A9el-dans-la-philosophie-qu%C3%A9b%C3%A9coise\" target=\"_blank\" rel=\"noopener noreferrer\">Le d\u00e9sir du r\u00e9el dans la philosophie qu\u00e9b\u00e9coise<\/a><\/em>, \u00c9ditions Nota Bene, 2022.<\/li>\n<li>2023: Ian Alexander Moore, <em><a href=\"https:\/\/sunypress.edu\/Books\/D\/Dialogue-on-the-Threshold\" target=\"_blank\" rel=\"noopener noreferrer\">Dialogue on the Threshold: Heidegger and Trakl<\/a><\/em>, SUNY Press, 2022.<\/li>\n<li>2022: Ian Angus, <em><a href=\"https:\/\/rowman.com\/ISBN\/9781793640918\/Groundwork-of-Phenomenological-Marxism-Crisis-Body-World\" target=\"_blank\" rel=\"noopener noreferrer\">Groundwork of Phenomenological Marxism: Crisis, Body, World<\/a><\/em>, Rowman &#038; Littlefield, 2021.<\/li>\n<li>2022: Bettina Bergo, <em><a href=\"https:\/\/global.oup.com\/academic\/product\/anxiety-9780197539712?cc=us&#038;lang=en&#038;\" target=\"_blank\" rel=\"noopener noreferrer\">Anxiety: A Philosophical History<\/a><\/em>, Oxford UP, 2021.<\/li>\n<li>2022: Lorenzo C. Simpson, <em><a href=\"https:\/\/cup.columbia.edu\/book\/hermeneutics-as-critique\/9780231196857\" target=\"_blank\" rel=\"noopener noreferrer\">Hermeneutics as Critique: Science, Politics, Race, and Culture<\/a><\/em>, Columbia UP, 2021.<\/li>\n<li>2021: Gr\u00e9gori Jean,<em><a href=\"https:\/\/www.decitre.fr\/livres\/l-humanite-a-son-insu-9782916484136.html\" target=\"_blank\" rel=\"noopener noreferrer\"> L&rsquo;humanit\u00e9 \u00e0 son insu. Ph\u00e9nom\u00e9nologie, anthropologie, m\u00e9taphysique<\/a><\/em>, Association Internationale de Ph\u00e9nom\u00e9nologie, 2020.<\/li>\n<li>2020: Stella Gaon, <em><a href=\"https:\/\/www.routledge.com\/The-Lucid-Vigil-Deconstruction-Desire-and-the-Politics-of-Critique\/Gaon\/p\/book\/9780367661786\" target=\"_blank\" rel=\"noopener noreferrer\"> The Lucid Vigil: Deconstruction, Desire and the Politics of Critique<\/a><\/em>, Routledge, 2019.<\/li>\n<li>2019: Rosalyn Diprose et Ewa Ziarek, <em><a href=\"https:\/\/edinburghuniversitypress.com\/book-arendt-natality-and-biopolitics.html\" target=\"_blank\" rel=\"noopener noreferrer\"> Arendt, Natality and Biopolitics: Toward Democratic Plurality and Reproductive Justice<\/a><\/em>, Edinburgh UP, 2018.<\/li>\n<li>2018 : Penelope Deutscher, <em><a href=\"https:\/\/cup.columbia.edu\/book\/foucaults-futures\/9780231176415\" target=\"_blank\" rel=\"noopener noreferrer\"> Foucault\u2019s Futures: A Critique of Reproductive Reason<\/a><\/em>, Columbia UP, 2017.<\/li>\n<li>2017 : Greg Bird,\u00a0<em><a href=\"http:\/\/www.amazon.ca\/Containing-Community-Political-Ontology-Esposito\/dp\/1438461860\/\" target=\"_blank\" rel=\"noopener noreferrer\"> Containing Community: From Political Economy to Ontology in Agamben, Esposito, and Nancy<\/a><\/em>, SUNY Press, 2016.<\/li>\n<li>2016 : Thomas Nail, <em><a href=\"https:\/\/www.amazon.ca\/Figure-Migrant-Thomas-Nail\/dp\/0804796580\/\" target=\"_blank\" rel=\"noopener noreferrer\"> The Figure of the Migrant<\/a><\/em>, Stanford UP, 2015.<\/li>\n<li>2015 : Anthony J. Steinbock, <em><a href=\"http:\/\/www.amazon.ca\/Moral-Emotions-Reclaiming-Evidence-Heart\/dp\/0810129566\/\" target=\"_blank\" rel=\"noopener noreferrer\"> Moral Emotions: Reclaiming the Evidence of the Heart<\/a><\/em>, Northwestern UP, 2014.<\/li>\n<li>2014 : Steven G. Crowell, <em><a href=\"http:\/\/www.amazon.ca\/Normativity-Phenomenology-Husserl-Heidegger-Crowell\/dp\/110768255X\/\" target=\"_blank\" rel=\"noopener noreferrer\">Normativity and Phenomenology in Husserl and Heidegger<\/a><\/em>, Cambridge UP, 2013.<\/li>\n<li>2013 : Sean D. Kirkland, <em><a href=\"http:\/\/www.amazon.ca\/Ontology-Socratic-Questioning-Platos-Dialogues\/dp\/1438444044\/\" target=\"_blank\" rel=\"noopener noreferrer\">The Ontology of Socratic Questioning in Plato&rsquo;s Early Dialogues<\/a>,<\/em> SUNY Press, 2012.<\/li>\n<li>2012 : Espen Hammer,\u00a0<em><a href=\"http:\/\/www.amazon.ca\/Philosophy-Temporality-Kant-Critical-Theory\/dp\/1107005000\/ref=sr_1_1?ie=UTF8&#038;qid=1347138365&#038;sr=8-1\" target=\"_blank\" rel=\"noopener noreferrer\">Philosophy and Temporality from Kant to Critical Theory<\/a>,<\/em>\u00a0Cambridge\u00a0UP, 2011.<\/li>\n<li>2011 : Andrew J. Mitchell,\u00a0<em><a href=\"http:\/\/www.amazon.ca\/Heidegger-Among-Sculptors-Space-Dwelling\/dp\/0804770239%3FSubscriptionId%3DAKIAIBIYTWWZ6WMXPQEQ%26tag%3Dc0e58-20%26linkCode%3Dxm2%26camp%3D2025%26creative%3D165953%26creativeASIN%3D0804770239\" target=\"_blank\" rel=\"noopener noreferrer\">Heidegger among the Sculptors: Body, Space, and the Art of Dwelling<\/a>,<\/em>\u00a0Stanford UP, 2010.<\/li>\n<li>2010 : James R. Mensch, <em><a href=\"http:\/\/www.amazon.ca\/Embodiments-Politic-James-R-Mensch\/dp\/0810125617%3FSubscriptionId%3DAKIAIBIYTWWZ6WMXPQEQ%26tag%3Dc0e58-20%26linkCode%3Dxm2%26camp%3D2025%26creative%3D165953%26creativeASIN%3D0810125617\" target=\"_blank\" rel=\"noopener noreferrer\">Embodiments: From the Body to the Body Politic,<\/a><\/em> Northwestern UP, 2009.<\/li>\n<li>2009 : Dana Hollander, <em><a href=\"http:\/\/www.amazon.ca\/Exemplarity-Chosenness-Rosenzweig-Derrida-Philosophy\/dp\/0804755213%3FSubscriptionId%3DAKIAIBIYTWWZ6WMXPQEQ%26tag%3Dc0e58-20%26linkCode%3Dxm2%26camp%3D2025%26creative%3D165953%26creativeASIN%3D0804755213\" target=\"_blank\" rel=\"noopener noreferrer\">Exemplarity and Chosenness: Rosenzweig and Derrida on the Nation of Philosophy,<\/a><\/em> Stanford UP, 2008.<\/li>\n<li>2008 : Lambert Zuidervaart, <a href=\"http:\/\/www.amazon.ca\/Social-Philosophy-Adorno-Lambert-Zuidervaart\/dp\/0521690382%3FSubscriptionId%3DAKIAIBIYTWWZ6WMXPQEQ%26tag%3Dc0e58-20%26linkCode%3Dxm2%26camp%3D2025%26creative%3D165953%26creativeASIN%3D0521690382\" target=\"_blank\" rel=\"noopener noreferrer\"><em>Social Philosophy after Adorno,<\/em><\/a> Cambridge UP, 2007.<\/li>\n<li>2007 : Lisa Guenther, <a href=\"http:\/\/www.amazon.ca\/Gift-Other-Levinas-Politics-Reproduction\/dp\/0791468488%3FSubscriptionId%3DAKIAIBIYTWWZ6WMXPQEQ%26tag%3Dc0e58-20%26linkCode%3Dxm2%26camp%3D2025%26creative%3D165953%26creativeASIN%3D0791468488\" target=\"_blank\" rel=\"noopener noreferrer\"><em>The Gift of the Other: Levinas and the Politics of Reproduction,<\/em><\/a> SUNY Press, 2006.<\/li>\n<li>2006 : Lambert Zuidervaart, <a href=\"http:\/\/www.amazon.ca\/Artistic-Truth-Aesthetics-Imaginative-Disclosure\/dp\/0521101247%3FSubscriptionId%3DAKIAIBIYTWWZ6WMXPQEQ%26tag%3Dc0e58-20%26linkCode%3Dxm2%26camp%3D2025%26creative%3D165953%26creativeASIN%3D0521101247\" target=\"_blank\" rel=\"noopener noreferrer\"><em>Artistic Truth: Aesthetics, Discourse, and Imaginative Disclosure,<\/em><\/a> Cambridge UP, 2004.<\/li>\n<\/ul>\n<h4 id=\"Info\">Soumissions et suggestions<\/h4>\n<hr \/>\n<p>Nous vous invitons \u00e0 soumettre vos suggestions ou vos ouvrages r\u00e9cents au Prix annuel du meilleur livre. Seules <em>les monographies<\/em> publi\u00e9es depuis janvier de l\u2019ann\u00e9e pr\u00e9c\u00e9dente sont \u00e9ligibles. Les soumissions doivent inclure deux copies du livre et nous parvenir avant le <strong>1\u00a0mai \u00a0<\/strong>pour \u00eatre admissibles au prochain concours. Les crit\u00e8res d\u2019\u00e9valuation incluent l\u2019originalit\u00e9 et l\u2019importance du livre dans son domaine d\u2019investigation. Les r\u00e9sultats sont annonc\u00e9s au congr\u00e8s annuel de la SCPC en septembre. Pour toutes informations suppl\u00e9mentaires ou pour soumettre un ouvrage, veuillez contacter\u00a0:<\/p>\n<p style=\"padding-left: 30px;\">Lorraine Markotic<br \/>\nR\u00e9dactrice,\u00a0<em>Symposium<\/em><br \/>\nUniversity of Calgary<br \/>\nDepartment of Philosophy<br \/>\n2500 University Dr. NW<br \/>\nCalgary, AB, T2N 1N4<br \/>\nCanada<\/p>\n<p style=\"padding-left: 30px;\">Courriel\u00a0:\u00a0<a href=\"mailto:lmarkoti@ucalgary.ca?subject=Symposium Book Award\">lmarkoti@ucalgary.ca<\/a><\/p>\n","protected":false},"excerpt":{"rendered":"<p>Les instructions de soumission sont disponible ici. 2025 Laur\u00e9at du vingti\u00e8me Prix annuel du meilleur livre de Symposium : Maxime Doyon, Phenomenology and the Norms of Perception, Oxford University Press, 2024. Adrian Johnston, Infinite Greed: The Inhuman Selfishness of Capital, Columbia University Press, 2024. Les livres soumis dans le cadre de ce concours ont \u00e9t\u00e9 [&hellip;]<\/p>\n","protected":false},"author":8,"featured_media":0,"parent":4184,"menu_order":13,"comment_status":"closed","ping_status":"closed","template":"","meta":{"_et_pb_use_builder":"","_et_pb_old_content":"","_et_gb_content_width":"","footnotes":""},"class_list":["post-4198","page","type-page","status-publish","hentry"],"publishpress_future_action":{"enabled":false,"date":"2026-04-26 11:33:20","action":"Draft","newStatus":"draft","terms":[],"taxonomy":"translation_priority"},"publishpress_future_workflow_manual_trigger":{"enabledWorkflows":[]},"_links":{"self":[{"href":"https:\/\/c-scp.org\/fr\/wp-json\/wp\/v2\/pages\/4198","targetHints":{"allow":["GET"]}}],"collection":[{"href":"https:\/\/c-scp.org\/fr\/wp-json\/wp\/v2\/pages"}],"about":[{"href":"https:\/\/c-scp.org\/fr\/wp-json\/wp\/v2\/types\/page"}],"author":[{"embeddable":true,"href":"https:\/\/c-scp.org\/fr\/wp-json\/wp\/v2\/users\/8"}],"replies":[{"embeddable":true,"href":"https:\/\/c-scp.org\/fr\/wp-json\/wp\/v2\/comments?post=4198"}],"version-history":[{"count":11,"href":"https:\/\/c-scp.org\/fr\/wp-json\/wp\/v2\/pages\/4198\/revisions"}],"predecessor-version":[{"id":14061,"href":"https:\/\/c-scp.org\/fr\/wp-json\/wp\/v2\/pages\/4198\/revisions\/14061"}],"up":[{"embeddable":true,"href":"https:\/\/c-scp.org\/fr\/wp-json\/wp\/v2\/pages\/4184"}],"wp:attachment":[{"href":"https:\/\/c-scp.org\/fr\/wp-json\/wp\/v2\/media?parent=4198"}],"curies":[{"name":"wp","href":"https:\/\/api.w.org\/{rel}","templated":true}]}}