{"id":4200,"date":"2010-06-15T23:00:10","date_gmt":"2010-06-16T03:00:10","guid":{"rendered":"http:\/\/www.surfzen.com\/cscp\/comite-de-redaction.html"},"modified":"2025-08-22T17:44:47","modified_gmt":"2025-08-22T21:44:47","slug":"comite-de-redaction","status":"publish","type":"page","link":"https:\/\/c-scp.org\/fr\/symposium-2\/comite-de-redaction","title":{"rendered":"Comit\u00e9 de r\u00e9daction"},"content":{"rendered":"<h5 class=\"zerotlrmargins\">R\u00c9DACTRICES ET R\u00c9DACTEUR EN CHEF<\/h5>\n<p>Ada Jaarsma, Mount Royal University<br \/>\n<a href=\"mailto:lmarkoti@ucalgary.ca?subject=Symposium\">Lorraine Markotic<\/a>, University of Calgary<br \/>\nJim Vernon, York University<\/p>\n<h5 class=\"zerotlrmargins\">RESPONSABLE DE LA PRODUCTION<\/h5>\n<p>Will Best<\/p>\n<h5 class=\"zerotlrmargins\">ASSISTANTE \u00c0 LA R\u00c9DACTION ET TRADUCTRICE<\/h5>\n<p>Samantha Carron, University of British Columbia Okanagan<\/p>\n<h5>R\u00c9DACTRICES ET R\u00c9DACTEURS PAR CHAMP D&rsquo;EXPERTISE<\/h5>\n<p>Antonio Calcagno (ph\u00e9nom\u00e9nologie), King&rsquo;s University College at Western University<br \/>\nJill Druillard (Heidegger, philosophie fran\u00e7aise et francophone, \u00e9thique de la reproduction), Mississippi University for Women<br \/>\nRick Elmore (nouveau r\u00e9alisme, d\u00e9construction, th\u00e9orie critique), Appalachian State University<br \/>\nKim Hall (philosophie du handicap, \u00e9tudes queer), University of Alberta<br \/>\nAnna Mudde (\u00e9tudes scientifiques f\u00e9ministes, existentialisme), University of Regina<br \/>\nWilliam Ross (th\u00e9orie critique, philosophie sociale, philosophie allemande des XIX<sup>e<\/sup> et XX<sup>e<\/sup> si\u00e8cles)<br \/>\nTalia Welsh (philosophie f\u00e9ministe, ph\u00e9nom\u00e9nologie), University of Alberta<\/p>\n<h5>COMPTES RENDUS<\/h5>\n<p><em> R\u00e9dacteurs et r\u00e9dactrice principaux.ale<\/em><\/p>\n<p style=\"margin-left: 2em;\">\n<a href=\"mailto:reviews@c-scp.org?subject=Symposium\">Rick Elmore<\/a>, directeur de la r\u00e9daction, Appalachian State University (anglais)<br \/>\n<a href=\"mailto:comptesrendus@c-scp.org?subject=Symposium\">Jean-Fran\u00e7ois Perrier<\/a>, Universit\u00e9 Laval (fran\u00e7ais)<br \/>\nFlavie Chevalier, Universit\u00e9 Laval\n<\/p>\n<p><em>R\u00e9dacteurs.trices des comptes rendus th\u00e9matiques<\/em><\/p>\n<p style=\"margin-left: 2em;\">\nG. Anthony Bruno (id\u00e9alisme allemand), Royal Holloway University of London<br \/>\nKarim Dharamsi (postcolonialisme), Mount Royal University<br \/>\nRick Elmore (nouveau r\u00e9alisme\/d\u00e9construction), Appalachian State University<br \/>\nTerrance McDonald (th\u00e9orie du film), University of Toronto Mississauga<br \/>\nAnna Mudde (philosophie f\u00e9ministe), University of Regina<br \/>\nDalitso Ruwe (philosophie africana, th\u00e9orie critique de la race), Queen&rsquo;s University<br \/>\nBryan Smyth (th\u00e9orie critique), University of Mississippi\n<\/p>\n<h5>COMIT\u00c9 SCIENTIFIQUE<\/h5>\n<p><strong>Manola Antonioli<\/strong>, Coll\u00e8ge International de Philosophie; <strong>Sophie-Jan Arrien<\/strong>, Universit\u00e9 Laval; <strong>Bruce Baugh<\/strong>, Thompson Rivers University; <strong>Alain Beaulieu<\/strong>, Laurentian University; <strong>Constantin Boundas<\/strong>, Trent University; <strong>Antonio Calcagno<\/strong>, King&rsquo;s University College at The University of Western Ontario; <strong>Cristian Ciocan<\/strong>, Romanian Society for Phenomenology; <strong>Philippe Constantineau<\/strong>, Royal Military College; <strong>Diane Enns<\/strong>, Ryerson University; <strong>Jane Forsey<\/strong>, University of Winnipeg; <strong>Jean Grondin<\/strong>, Universit\u00e9 de Montr\u00e9al; <strong>Donald Ipperciel<\/strong>, Glendon College, York University; <strong>Morny Joy<\/strong>, University of Calgary; <strong>Richard Kearney<\/strong>, Boston College; <strong>Jay Lampert<\/strong>, Duquesne University; <strong>Linda Mart\u00edn-Alcoff<\/strong>, Hunter College\/CUNY Graduate Center; <strong>James Mensch<\/strong>, Charles University, Prague; <strong>Jeff Mitscherling<\/strong>, University of Guelph; <strong>Marie-Eve Morin<\/strong>, University of Alberta; <strong>Tom Rockmore<\/strong>, Peking University.<\/p>\n<h5>R\u00c9PERTOIRES BIBLIOGRAPHIQUES<\/h5>\n<p>Les articles publi\u00e9s dans <em>Symposium<\/em> sont r\u00e9pertori\u00e9s dans le Philosopher\u2019s Index et dans l\u2019International Bibliography of the Social Sciences.<\/p>\n<h5>REMERCIEMENTS<\/h5>\n<p><em>Symposium<\/em> est en partie financ\u00e9 par le Conseil de recherches en sciences humaines du Canada. \u200b\u200bNous tenons \u00e9galement \u00e0 souligner l&rsquo;aide financi\u00e8re du D\u00e9partement de philosophie et de la Facult\u00e9 des arts de l&rsquo;Universit\u00e9 de Calgary.<\/p>\n","protected":false},"excerpt":{"rendered":"<p>R\u00c9DACTRICES ET R\u00c9DACTEUR EN CHEF Ada Jaarsma, Mount Royal University Lorraine Markotic, University of Calgary Jim Vernon, York University RESPONSABLE DE LA PRODUCTION Will Best ASSISTANTE \u00c0 LA R\u00c9DACTION ET TRADUCTRICE Samantha Carron, University of British Columbia Okanagan R\u00c9DACTRICES ET R\u00c9DACTEURS PAR CHAMP D&rsquo;EXPERTISE Antonio Calcagno (ph\u00e9nom\u00e9nologie), King&rsquo;s University College at Western University Jill Druillard [&hellip;]<\/p>\n","protected":false},"author":8,"featured_media":0,"parent":4184,"menu_order":12,"comment_status":"closed","ping_status":"closed","template":"","meta":{"_et_pb_use_builder":"","_et_pb_old_content":"","_et_gb_content_width":"","footnotes":""},"class_list":["post-4200","page","type-page","status-publish","hentry"],"publishpress_future_action":{"enabled":false,"date":"2026-04-26 07:39:47","action":"Draft","newStatus":"draft","terms":[],"taxonomy":"translation_priority"},"publishpress_future_workflow_manual_trigger":{"enabledWorkflows":[]},"_links":{"self":[{"href":"https:\/\/c-scp.org\/fr\/wp-json\/wp\/v2\/pages\/4200","targetHints":{"allow":["GET"]}}],"collection":[{"href":"https:\/\/c-scp.org\/fr\/wp-json\/wp\/v2\/pages"}],"about":[{"href":"https:\/\/c-scp.org\/fr\/wp-json\/wp\/v2\/types\/page"}],"author":[{"embeddable":true,"href":"https:\/\/c-scp.org\/fr\/wp-json\/wp\/v2\/users\/8"}],"replies":[{"embeddable":true,"href":"https:\/\/c-scp.org\/fr\/wp-json\/wp\/v2\/comments?post=4200"}],"version-history":[{"count":9,"href":"https:\/\/c-scp.org\/fr\/wp-json\/wp\/v2\/pages\/4200\/revisions"}],"predecessor-version":[{"id":13801,"href":"https:\/\/c-scp.org\/fr\/wp-json\/wp\/v2\/pages\/4200\/revisions\/13801"}],"up":[{"embeddable":true,"href":"https:\/\/c-scp.org\/fr\/wp-json\/wp\/v2\/pages\/4184"}],"wp:attachment":[{"href":"https:\/\/c-scp.org\/fr\/wp-json\/wp\/v2\/media?parent=4200"}],"curies":[{"name":"wp","href":"https:\/\/api.w.org\/{rel}","templated":true}]}}