{"id":4204,"date":"2010-06-16T00:12:12","date_gmt":"2010-06-16T04:12:12","guid":{"rendered":"http:\/\/www.surfzen.com\/cscp\/abonnement.html"},"modified":"2025-07-17T14:36:14","modified_gmt":"2025-07-17T18:36:14","slug":"abonnement","status":"publish","type":"page","link":"https:\/\/c-scp.org\/fr\/symposium-2\/abonnement","title":{"rendered":"Abonnement"},"content":{"rendered":"<p>L\u2019abonnement est inclus avec l\u2019adh\u00e9sion \u00e0 la Soci\u00e9t\u00e9 canadienne de philosophie continentale. L\u2019abonnement sans adh\u00e9sion \u00e0 la Soci\u00e9t\u00e9 est \u00e9galement disponible. Toute demande doit \u00eatre soumise \u00e0\u00a0:<\/p>\n<p style=\"padding-left: 30px;\">Lorraine Markotic<br \/>\nR\u00e9dactrice, <em>Symposium<\/em><br \/>\nUniversity of Calgary<br \/>\nDepartment of Philosophy<br \/>\n2500 University Dr. NW<br \/>\nCalgary, AB, T2N 1N4<br \/>\nCanada<\/p>\n<p style=\"padding-left: 30px;\">Courriel\u00a0: <a href=\"mailto:lmarkoti@ucalgary.ca?subject=Abonnement \u00e0 Symposium\">lmarkoti@ucalgary.ca<\/a><\/p>\n<h5>Tarifs d\u2019abonnement (en dollars canadiens)<\/h5>\n<p>Institutions\u00a0:\u00a0 95$<br \/>\nIndividus\u00a0:\u00a0 55$<br \/>\nPar num\u00e9ro\u00a0:\u00a0 30$<br \/>\nAncien num\u00e9ro\u00a0:\u00a025$<\/p>\n<p>Veuillez noter : Des frais de transport sont ajout\u00e9s aux abonnements \u00e9trangers.<\/p>\n<p>Abonnement institutionnel et individuel \u00e0 la <strong>version \u00e9lectronique<\/strong> disponible <a href=\"http:\/\/www.pdcnet.org\/symposium\">ici<\/a>.<\/p>\n","protected":false},"excerpt":{"rendered":"<p>L\u2019abonnement est inclus avec l\u2019adh\u00e9sion \u00e0 la Soci\u00e9t\u00e9 canadienne de philosophie continentale. L\u2019abonnement sans adh\u00e9sion \u00e0 la Soci\u00e9t\u00e9 est \u00e9galement disponible. Toute demande doit \u00eatre soumise \u00e0\u00a0: Lorraine Markotic R\u00e9dactrice, Symposium University of Calgary Department of Philosophy 2500 University Dr. NW Calgary, AB, T2N 1N4 Canada Courriel\u00a0: lmarkoti@ucalgary.ca Tarifs d\u2019abonnement (en dollars canadiens) Institutions\u00a0:\u00a0 95$ [&hellip;]<\/p>\n","protected":false},"author":8,"featured_media":0,"parent":4184,"menu_order":17,"comment_status":"closed","ping_status":"closed","template":"","meta":{"_et_pb_use_builder":"","_et_pb_old_content":"","_et_gb_content_width":"","footnotes":""},"class_list":["post-4204","page","type-page","status-publish","hentry"],"publishpress_future_action":{"enabled":false,"date":"2026-04-29 05:04:05","action":"Draft","newStatus":"draft","terms":[],"taxonomy":"translation_priority"},"publishpress_future_workflow_manual_trigger":{"enabledWorkflows":[]},"_links":{"self":[{"href":"https:\/\/c-scp.org\/fr\/wp-json\/wp\/v2\/pages\/4204","targetHints":{"allow":["GET"]}}],"collection":[{"href":"https:\/\/c-scp.org\/fr\/wp-json\/wp\/v2\/pages"}],"about":[{"href":"https:\/\/c-scp.org\/fr\/wp-json\/wp\/v2\/types\/page"}],"author":[{"embeddable":true,"href":"https:\/\/c-scp.org\/fr\/wp-json\/wp\/v2\/users\/8"}],"replies":[{"embeddable":true,"href":"https:\/\/c-scp.org\/fr\/wp-json\/wp\/v2\/comments?post=4204"}],"version-history":[{"count":3,"href":"https:\/\/c-scp.org\/fr\/wp-json\/wp\/v2\/pages\/4204\/revisions"}],"predecessor-version":[{"id":13712,"href":"https:\/\/c-scp.org\/fr\/wp-json\/wp\/v2\/pages\/4204\/revisions\/13712"}],"up":[{"embeddable":true,"href":"https:\/\/c-scp.org\/fr\/wp-json\/wp\/v2\/pages\/4184"}],"wp:attachment":[{"href":"https:\/\/c-scp.org\/fr\/wp-json\/wp\/v2\/media?parent=4204"}],"curies":[{"name":"wp","href":"https:\/\/api.w.org\/{rel}","templated":true}]}}