{"id":4206,"date":"2010-06-16T00:19:54","date_gmt":"2010-06-16T04:19:54","guid":{"rendered":"http:\/\/www.surfzen.com\/cscp\/publicite.html"},"modified":"2025-07-17T14:37:35","modified_gmt":"2025-07-17T18:37:35","slug":"publicite","status":"publish","type":"page","link":"https:\/\/c-scp.org\/fr\/symposium-2\/publicite","title":{"rendered":"Publicit\u00e9"},"content":{"rendered":"<p>Les tarifs s\u2019appliquant \u00e0 une publicit\u00e9 d\u2019une page (6&Prime; x 9&Prime;) dans <em>Symposium<\/em> sont les suivants\u00a0:<\/p>\n<p style=\"padding-left: 30px;\"><strong>Dollars canadiens<br \/>\n<\/strong>150$ pour la premi\u00e8re page<br \/>\n75$ par page additionnelle<\/p>\n<p style=\"padding-left: 30px;\"><strong>Dollars U.S.<\/strong>150$ pour la premi\u00e8re page<br \/>\n75$ par page additionnelle<\/p>\n<p>Les dates de publication sont, toujours, au mois de mars (num\u00e9ro du printemps) et de septembre (num\u00e9ro d\u2019automne). La date de tomb\u00e9e pour les publicit\u00e9s est fix\u00e9e \u00e0 un mois avant la date de publication.<\/p>\n<p>Les paiements par ch\u00e8que sont pr\u00e9f\u00e9rables, et payables au nom de <em>Soci\u00e9t\u00e9 canadienne de philosophie continentale<\/em>. Veuillez contacter\u00a0:<\/p>\n<p style=\"padding-left: 30px;\">Lorraine Markotic<br \/>\nR\u00e9dactrice, <em>Symposium<\/em><br \/>\nUniversity of Calgary<br \/>\nDepartment of Philosophy<br \/>\n2500 University Dr. NW<br \/>\nCalgary, AB, T2N 1N4<br \/>\nCanada<\/p>\n<p style=\"padding-left: 30px;\">E-mail: <a href=\"mailto:lmarkoti@ucalgary.ca?subject=Publicit\u00e9 dans Symposium\">lmarkoti@ucalgary.ca<\/a><\/p>\n","protected":false},"excerpt":{"rendered":"<p>Les tarifs s\u2019appliquant \u00e0 une publicit\u00e9 d\u2019une page (6&Prime; x 9&Prime;) dans Symposium sont les suivants\u00a0: Dollars canadiens 150$ pour la premi\u00e8re page 75$ par page additionnelle Dollars U.S.150$ pour la premi\u00e8re page 75$ par page additionnelle Les dates de publication sont, toujours, au mois de mars (num\u00e9ro du printemps) et de septembre (num\u00e9ro d\u2019automne). [&hellip;]<\/p>\n","protected":false},"author":8,"featured_media":0,"parent":4184,"menu_order":18,"comment_status":"closed","ping_status":"closed","template":"","meta":{"_et_pb_use_builder":"","_et_pb_old_content":"","_et_gb_content_width":"","footnotes":""},"class_list":["post-4206","page","type-page","status-publish","hentry"],"publishpress_future_action":{"enabled":false,"date":"2026-04-25 08:11:46","action":"Draft","newStatus":"draft","terms":[],"taxonomy":"translation_priority"},"publishpress_future_workflow_manual_trigger":{"enabledWorkflows":[]},"_links":{"self":[{"href":"https:\/\/c-scp.org\/fr\/wp-json\/wp\/v2\/pages\/4206","targetHints":{"allow":["GET"]}}],"collection":[{"href":"https:\/\/c-scp.org\/fr\/wp-json\/wp\/v2\/pages"}],"about":[{"href":"https:\/\/c-scp.org\/fr\/wp-json\/wp\/v2\/types\/page"}],"author":[{"embeddable":true,"href":"https:\/\/c-scp.org\/fr\/wp-json\/wp\/v2\/users\/8"}],"replies":[{"embeddable":true,"href":"https:\/\/c-scp.org\/fr\/wp-json\/wp\/v2\/comments?post=4206"}],"version-history":[{"count":2,"href":"https:\/\/c-scp.org\/fr\/wp-json\/wp\/v2\/pages\/4206\/revisions"}],"predecessor-version":[{"id":13714,"href":"https:\/\/c-scp.org\/fr\/wp-json\/wp\/v2\/pages\/4206\/revisions\/13714"}],"up":[{"embeddable":true,"href":"https:\/\/c-scp.org\/fr\/wp-json\/wp\/v2\/pages\/4184"}],"wp:attachment":[{"href":"https:\/\/c-scp.org\/fr\/wp-json\/wp\/v2\/media?parent=4206"}],"curies":[{"name":"wp","href":"https:\/\/api.w.org\/{rel}","templated":true}]}}