{"id":4212,"date":"2010-06-16T01:56:12","date_gmt":"2010-06-16T05:56:12","guid":{"rendered":"http:\/\/www.surfzen.com\/cscp\/accueil.html"},"modified":"2026-03-24T11:58:41","modified_gmt":"2026-03-24T15:58:41","slug":"accueil","status":"publish","type":"page","link":"https:\/\/c-scp.org\/fr","title":{"rendered":"Bienvenue"},"content":{"rendered":"<p>[et_pb_section fb_built=\u00a0\u00bb1&Prime; admin_label=\u00a0\u00bbsection\u00a0\u00bb module_id=\u00a0\u00bbhomepage\u00a0\u00bb _builder_version=\u00a0\u00bb4.16&Prime; global_colors_info=\u00a0\u00bb{}\u00a0\u00bb][et_pb_row _builder_version=\u00a0\u00bb4.16&Prime; background_size=\u00a0\u00bbinitial\u00a0\u00bb background_position=\u00a0\u00bbtop_left\u00a0\u00bb background_repeat=\u00a0\u00bbrepeat\u00a0\u00bb global_colors_info=\u00a0\u00bb{}\u00a0\u00bb][et_pb_column type=\u00a0\u00bb4_4&Prime; _builder_version=\u00a0\u00bb4.16&Prime; custom_padding=\u00a0\u00bb|||\u00a0\u00bb global_colors_info=\u00a0\u00bb{}\u00a0\u00bb custom_padding__hover=\u00a0\u00bb|||\u00a0\u00bb][et_pb_text admin_label=\u00a0\u00bbBienvenue\u00a0\u00bb _builder_version=\u00a0\u00bb4.22.0&Prime; text_font_size=\u00a0\u00bb16&Prime; hover_enabled=\u00a0\u00bb0&Prime; border_style=\u00a0\u00bbsolid\u00a0\u00bb global_colors_info=\u00a0\u00bb{}\u00a0\u00bb sticky_enabled=\u00a0\u00bb0&Prime;]<\/p>\n<p>Bienvenue sur le site de la Soci\u00e9t\u00e9 canadienne de philosophie continentale, o\u00f9 vous y trouverez des comptes rendus, des annonces, des appels de communications, ainsi que des informations sur la Soci\u00e9t\u00e9 et sa revue\u00a0:<em> Symposium.<\/p>\n<p><\/em><\/p>\n<p>La Soci\u00e9t\u00e9 canadienne de philosophie continentale tiendra son congr\u00e8s annuel du 22 au 24 octobre 2026 \u00e0 Universit\u00e9 de Montr\u00e9al.<\/p>\n<p><a href=\"https:\/\/c-scp.org\/wp-content\/uploads\/CSCP-CFP-2026.pdf\">Appel \u00e0 communications<\/a>.<\/p>\n<p><em>\u00a0<\/em><\/p>\n<p>Pour afficher une annonce sur notre site, veuillez <a href=\"mailto:webmaster@c-scp.org?subject=Site du SCPC\">nous contacter<\/a>.<\/p>\n<p>Abonnez-vous \u00e0 notre <a href=\"http:\/\/feeds.feedburner.com\/CSCP-SCPC\">fil\u00a0RSS<img loading=\"lazy\" decoding=\"async\" class=\"alignnone size-full wp-image-582\" style=\"margin-left: 5px; vertical-align: -1px;\" title=\"rss_small_green\" src=\"https:\/\/c-scp.org\/wp-content\/uploads\/rss_small_green.png\" alt=\"\" width=\"12\" height=\"12\" \/><\/a> pour rester au courant de la philosophie continentale au Canada et \u00e0 l&rsquo;\u00e9tranger.<\/p>\n<p>[\/et_pb_text][et_pb_text admin_label=\u00a0\u00bb\u00c0 la une\u00a0\u00bb _builder_version=\u00a0\u00bb4.16&Prime; text_orientation=\u00a0\u00bbcenter\u00a0\u00bb module_alignment=\u00a0\u00bbcenter\u00a0\u00bb border_style=\u00a0\u00bbsolid\u00a0\u00bb global_colors_info=\u00a0\u00bb{}\u00a0\u00bb]<\/p>\n<h1>\u00c0 la une<\/h1>\n<p>[\/et_pb_text][et_pb_blog fullwidth=\u00a0\u00bboff\u00a0\u00bb posts_number=\u00a0\u00bb3&Prime; include_categories=\u00a0\u00bb143&Prime; meta_date=\u00a0\u00bbj M Y\u00a0\u00bb show_pagination=\u00a0\u00bboff\u00a0\u00bb admin_label=\u00a0\u00bbPosts &#8211; Recent News\u00a0\u00bb module_id=\u00a0\u00bbcscpnouvelles\u00a0\u00bb _builder_version=\u00a0\u00bb4.16&Prime; border_style=\u00a0\u00bbsolid\u00a0\u00bb use_dropshadow=\u00a0\u00bboff\u00a0\u00bb global_colors_info=\u00a0\u00bb{}\u00a0\u00bb][\/et_pb_blog][\/et_pb_column][\/et_pb_row][\/et_pb_section]<\/p>\n","protected":false},"excerpt":{"rendered":"<p>Bienvenue sur le site de la Soci\u00e9t\u00e9 canadienne de philosophie continentale, o\u00f9 vous y trouverez des comptes rendus, des annonces, des appels de communications, ainsi que des informations sur la Soci\u00e9t\u00e9 et sa revue\u00a0: Symposium. La Soci\u00e9t\u00e9 canadienne de philosophie continentale tiendra son congr\u00e8s annuel du 22 au 24 octobre 2026 \u00e0 Universit\u00e9 de Montr\u00e9al. [&hellip;]<\/p>\n","protected":false},"author":8,"featured_media":0,"parent":0,"menu_order":0,"comment_status":"closed","ping_status":"closed","template":"","meta":{"_et_pb_use_builder":"on","_et_pb_old_content":"Welcome to the website of the Canadian Society for Continental Philosophy. On offer are book reviews, news items, conference information, calls for papers, and information about the Society and its journal, <em>Symposium.<\/em>\r\n\r\nIf you would like to post a call for papers or an announcement on our site, please <a href=\"mailto:webmaster@c-scp.org?subject=CSCP website\">contact us<\/a>.\r\n\r\nPlease subscribe to our <a href=\"http:\/\/feeds.feedburner.com\/CSCP-SCPC\">RSS\u00a0feed<img class=\"alignnone size-full wp-image-582\" style=\"margin-left: 5px; vertical-align: -1px;\" title=\"RSS\" alt=\"\" src=\"https:\/\/c-scp.org\/wp-content\/uploads\/rss_small_green.png\" width=\"12\" height=\"12\" \/><\/a> to stay in the loop about Continental Philosophy in Canada and abroad.","_et_gb_content_width":"","footnotes":""},"class_list":["post-4212","page","type-page","status-publish","hentry"],"publishpress_future_action":{"enabled":false,"date":"2026-05-07 09:12:16","action":"Draft","newStatus":"draft","terms":[],"taxonomy":"translation_priority"},"publishpress_future_workflow_manual_trigger":{"enabledWorkflows":[]},"_links":{"self":[{"href":"https:\/\/c-scp.org\/fr\/wp-json\/wp\/v2\/pages\/4212","targetHints":{"allow":["GET"]}}],"collection":[{"href":"https:\/\/c-scp.org\/fr\/wp-json\/wp\/v2\/pages"}],"about":[{"href":"https:\/\/c-scp.org\/fr\/wp-json\/wp\/v2\/types\/page"}],"author":[{"embeddable":true,"href":"https:\/\/c-scp.org\/fr\/wp-json\/wp\/v2\/users\/8"}],"replies":[{"embeddable":true,"href":"https:\/\/c-scp.org\/fr\/wp-json\/wp\/v2\/comments?post=4212"}],"version-history":[{"count":1,"href":"https:\/\/c-scp.org\/fr\/wp-json\/wp\/v2\/pages\/4212\/revisions"}],"predecessor-version":[{"id":14044,"href":"https:\/\/c-scp.org\/fr\/wp-json\/wp\/v2\/pages\/4212\/revisions\/14044"}],"wp:attachment":[{"href":"https:\/\/c-scp.org\/fr\/wp-json\/wp\/v2\/media?parent=4212"}],"curies":[{"name":"wp","href":"https:\/\/api.w.org\/{rel}","templated":true}]}}