{"id":4218,"date":"2010-06-16T14:23:11","date_gmt":"2010-06-16T18:23:11","guid":{"rendered":"http:\/\/www.surfzen.com\/cscp\/comite-executif.html"},"modified":"2025-09-03T12:04:30","modified_gmt":"2025-09-03T16:04:30","slug":"comite-executif","status":"publish","type":"page","link":"https:\/\/c-scp.org\/fr\/la-societe\/comite-executif","title":{"rendered":"Comit\u00e9 ex\u00e9cutif"},"content":{"rendered":"<p><a href=\"mailto:president@c-scp.org?subject=CSCP\">Don Beith<\/a>\u00a0(Pr\u00e9sident)<br \/>\nAssociate Professor<br \/>\nDepartment of Philosophy<br \/>\nUniversity of Maine<\/p>\n<p><a href=\"mailto:symposium@c-scp.org?subject=CSCP\">Lorraine Markotic<\/a> (R\u00e9dactrice en chef de <em>Symposium<\/em>)<br \/>\nProfessor<br \/>\nDepartment of Philosophy<br \/>\nUniversity of Calgary<\/p>\n<p>Laura McMahon (Pr\u00e9sident sortant)<br \/>\nAssociate Professor of Philosophy<br \/>\nDepartment of History &amp; Philosophy<br \/>\nEastern Michigan University<\/p>\n<p>Bruce Gilbert (Tr\u00e9sorier)<br \/>\nProfessor<br \/>\nDepartment of PhilosophyBishop&rsquo;s University<\/p>\n<p>William Ross (Membre \u00e0 titre particulier)<\/p>\n<p>President<br \/>\nAssociation for Adorno Studies<\/p>\n<p>Neal DeRoo<br \/>\nProfessor<br \/>\nInstitute for Christian Studies<\/p>\n<p>Sylvia Benso (Membre \u00e0 titre particulier)<br \/>\nProfessor<br \/>\nDepartment of Philsoophy<br \/>\nRochester Institute of Technology<\/p>\n<p>Guillaume Boucher (<span lang=\"fr\">repr\u00e9sentant des \u00e9tudiants)<\/span><br \/>\nD\u00e9partement de philosophie<br \/>\nUniversit\u00e9 de Montr\u00e9al<\/p>\n<p>&nbsp;<\/p>\n<p>&nbsp;<\/p>\n<p>&nbsp;<\/p>\n","protected":false},"excerpt":{"rendered":"<p>Don Beith\u00a0(Pr\u00e9sident) Associate Professor Department of Philosophy University of Maine Lorraine Markotic (R\u00e9dactrice en chef de Symposium) Professor Department of Philosophy University of Calgary Laura McMahon (Pr\u00e9sident sortant) Associate Professor of Philosophy Department of History &amp; Philosophy Eastern Michigan University Bruce Gilbert (Tr\u00e9sorier) Professor Department of PhilosophyBishop&rsquo;s University William Ross (Membre \u00e0 titre particulier) President [&hellip;]<\/p>\n","protected":false},"author":8,"featured_media":0,"parent":4192,"menu_order":2,"comment_status":"closed","ping_status":"closed","template":"","meta":{"_et_pb_use_builder":"","_et_pb_old_content":"","_et_gb_content_width":"","footnotes":""},"class_list":["post-4218","page","type-page","status-publish","hentry"],"publishpress_future_action":{"enabled":false,"date":"2026-04-21 11:59:18","action":"Draft","newStatus":"draft","terms":[],"taxonomy":"translation_priority"},"publishpress_future_workflow_manual_trigger":{"enabledWorkflows":[]},"_links":{"self":[{"href":"https:\/\/c-scp.org\/fr\/wp-json\/wp\/v2\/pages\/4218","targetHints":{"allow":["GET"]}}],"collection":[{"href":"https:\/\/c-scp.org\/fr\/wp-json\/wp\/v2\/pages"}],"about":[{"href":"https:\/\/c-scp.org\/fr\/wp-json\/wp\/v2\/types\/page"}],"author":[{"embeddable":true,"href":"https:\/\/c-scp.org\/fr\/wp-json\/wp\/v2\/users\/8"}],"replies":[{"embeddable":true,"href":"https:\/\/c-scp.org\/fr\/wp-json\/wp\/v2\/comments?post=4218"}],"version-history":[{"count":9,"href":"https:\/\/c-scp.org\/fr\/wp-json\/wp\/v2\/pages\/4218\/revisions"}],"predecessor-version":[{"id":13854,"href":"https:\/\/c-scp.org\/fr\/wp-json\/wp\/v2\/pages\/4218\/revisions\/13854"}],"up":[{"embeddable":true,"href":"https:\/\/c-scp.org\/fr\/wp-json\/wp\/v2\/pages\/4192"}],"wp:attachment":[{"href":"https:\/\/c-scp.org\/fr\/wp-json\/wp\/v2\/media?parent=4218"}],"curies":[{"name":"wp","href":"https:\/\/api.w.org\/{rel}","templated":true}]}}