{"id":4226,"date":"2015-01-13T11:05:57","date_gmt":"2015-01-13T16:05:57","guid":{"rendered":"http:\/\/www.surfzen.com\/cscp\/affordable-domain-registration-and-hosting-2.html"},"modified":"2016-10-18T12:42:50","modified_gmt":"2016-10-18T16:42:50","slug":"enregistrement-de-domaine-et-hebergement-abordables","status":"publish","type":"page","link":"https:\/\/c-scp.org\/fr\/enregistrement-de-domaine-et-hebergement-abordables","title":{"rendered":"Enregistrement de domaine et h\u00e9bergement abordables"},"content":{"rendered":"<h2>Services en ligne par SurfZen<\/h2>\n<p><img loading=\"lazy\" decoding=\"async\" class=\"alignright\" title=\"Enregistrement de domaine et h\u00e9bergement abordables\" alt=\"Enregistrement de domaine et h\u00e9bergement abordables\" src=\"https:\/\/c-scp.org\/wp-content\/uploads\/domain_hosting.jpg\" width=\"200\" height=\"273\" \/>SurfZen est fier d\u2019offrir des services Internet professionnels et abordables aux groupes communautaires, aux \u00e9tablissements d\u2019enseignement et aux entreprises de toutes tailles. Que vous organisiez une conf\u00e9rence, que vous d\u00e9marriez votre propre entreprise ou bien que vous rassembliez votre communaut\u00e9 en ligne, SurfZen fournit des outils et des services afin que votre site Web soit op\u00e9rationnel rapidement et facilement.<\/p>\n<h2>Enregistrement de domaine abordable<\/h2>\n<p>L\u2019un des investissements les plus importants que vous ferez pour votre pr\u00e9sence en ligne est votre nom de domaine \u2013 mais cela n\u2019a pas \u00e0 vous co\u00fbter une fortune. Alors que d\u2019autres bureaux d\u2019enregistrement de domaine chargent au-del\u00e0 de 45$ USD par ann\u00e9e pour enregistrer votre domaine, SurfZen offre le m\u00eame service \u00e0 une fraction du prix. Votre nom de domaine est important, alors magasinez et <a title=\"comparez les prix et les services\" href=\"http:\/\/www.surfzen.com\/domain-registration-price-comparison.html#domain-name-pricing-comparison-table\" target=\"_blank\">comparez les prix et les services<\/a>. Nous sommes confiants que vous trouverez que nos services d\u2019enregistrement de nom de domaine sont les meilleurs.<\/p>\n<h2>H\u00e9bergement abordable<\/h2>\n<p>Un h\u00e9bergement Web de qualit\u00e9 n\u2019a pas besoin d\u2019\u00eatre dispendieux. Comparativement \u00e0 votre nom de domaine, c\u2019est souvent la partie la moins ch\u00e8re au niveau de votre pr\u00e9sence en ligne. La plupart des petites et moyennes entreprises, ainsi que les groupes communautaires, peuvent satisfaire \u00e0 tous leurs besoins d\u2019h\u00e9bergement pour moins de 100$\/ann\u00e9e chez SurfZen. Cela vient avec une garantie de 99,9% de disponibilit\u00e9 et un support par courriel et par t\u00e9l\u00e9phone de qualit\u00e9 sup\u00e9rieure.<\/p>\n<p>Visitez-nous \u00e0 <a title=\"SurfZen\" href=\"http:\/\/www.SurfZen.com\/\" target=\"_blank\">http:\/\/www.SurfZen.com\/<\/a> et ayez votre site en ligne d\u00e8s aujourd\u2019hui !<\/p>\n","protected":false},"excerpt":{"rendered":"<p>Services en ligne par SurfZen SurfZen est fier d\u2019offrir des services Internet professionnels et abordables aux groupes communautaires, aux \u00e9tablissements d\u2019enseignement et aux entreprises de toutes tailles. Que vous organisiez une conf\u00e9rence, que vous d\u00e9marriez votre propre entreprise ou bien que vous rassembliez votre communaut\u00e9 en ligne, SurfZen fournit des outils et des services afin [&hellip;]<\/p>\n","protected":false},"author":8,"featured_media":0,"parent":0,"menu_order":99999,"comment_status":"closed","ping_status":"closed","template":"","meta":{"_et_pb_use_builder":"","_et_pb_old_content":"","_et_gb_content_width":"","footnotes":""},"class_list":["post-4226","page","type-page","status-publish","hentry"],"publishpress_future_action":{"enabled":false,"date":"2026-05-09 05:02:45","action":"Draft","newStatus":"draft","terms":[],"taxonomy":"translation_priority"},"publishpress_future_workflow_manual_trigger":{"enabledWorkflows":[]},"_links":{"self":[{"href":"https:\/\/c-scp.org\/fr\/wp-json\/wp\/v2\/pages\/4226","targetHints":{"allow":["GET"]}}],"collection":[{"href":"https:\/\/c-scp.org\/fr\/wp-json\/wp\/v2\/pages"}],"about":[{"href":"https:\/\/c-scp.org\/fr\/wp-json\/wp\/v2\/types\/page"}],"author":[{"embeddable":true,"href":"https:\/\/c-scp.org\/fr\/wp-json\/wp\/v2\/users\/8"}],"replies":[{"embeddable":true,"href":"https:\/\/c-scp.org\/fr\/wp-json\/wp\/v2\/comments?post=4226"}],"version-history":[{"count":0,"href":"https:\/\/c-scp.org\/fr\/wp-json\/wp\/v2\/pages\/4226\/revisions"}],"wp:attachment":[{"href":"https:\/\/c-scp.org\/fr\/wp-json\/wp\/v2\/media?parent=4226"}],"curies":[{"name":"wp","href":"https:\/\/api.w.org\/{rel}","templated":true}]}}