{"id":6847,"date":"2019-05-08T17:16:52","date_gmt":"2019-05-08T21:16:52","guid":{"rendered":"https:\/\/c-scp.org\/symposium-2\/coflit-dinteret"},"modified":"2019-05-19T04:24:13","modified_gmt":"2019-05-19T08:24:13","slug":"coflit-dinteret","status":"publish","type":"page","link":"https:\/\/c-scp.org\/fr\/symposium-2\/coflit-dinteret","title":{"rendered":"Transparence et conflit d&rsquo;int\u00e9r\u00eats"},"content":{"rendered":"<p>Symposium prend les questions de conflit d&rsquo;int\u00e9r\u00eats tr\u00e8s au s\u00e9rieux. Dans l&rsquo;int\u00e9r\u00eat de la transparence envers la communaut\u00e9 scientifique, nous pr\u00e9sentons ici notre politique en mati\u00e8re de conflits d&rsquo;int\u00e9r\u00eats:<\/p>\n<p>\u2014 Le <strong>r\u00e9dacteur<\/strong> ou la <strong>r\u00e9dactrice en chef<\/strong> ne soumettra pas son travail \u00e0 la revue, ne sera pas nomin\u00e9.e pour le Prix annuel du meilleur livre et ne contribuera pas \u00e0 des sections sp\u00e9ciales de la revue, m\u00eame si ces sections sont \u00e9dit\u00e9es par des r\u00e9dacteurs ou r\u00e9dactrices invit\u00e9.e.s, non officiellement affili\u00e9.e.s \u00e0 Symposium.<\/p>\n<p>\u2014 Les <strong>r\u00e9dacteurs<\/strong> ou <strong>r\u00e9dactrices associ\u00e9.e.s<\/strong> ne soumettront pas leurs travaux \u00e0 la revue et ne seront pas nomin\u00e9.e.s pour le Prix annuel du meilleur livre. Ils peuvent toutefois contribuer \u00e0 des sections sp\u00e9ciales \u00e9dit\u00e9es par des r\u00e9dacteurs ou r\u00e9dactrices invit\u00e9.e.s, non affili\u00e9.e.s \u00e0 l&rsquo;\u00e9quipe \u00e9ditoriale de Symposium.<\/p>\n<p>\u2014 Les <strong>membres du comit\u00e9 ex\u00e9cutif<\/strong> de la Soci\u00e9t\u00e9 canadienne de philosophie continentale peuvent soumettre des articles \u00e0 Symposium mais ne peuvent pas \u00eatre nomin\u00e9s pour le Prix annuel du meilleur livre.<\/p>\n<p>\u2014 Les <strong>membres du conseil consultatif<\/strong> peuvent et sont encourag\u00e9s \u00e0 soumettre leurs travaux \u00e0 la revue ainsi qu\u2019\u00e0 la nomination du Prix annuel du meilleur livre.<\/p>\n","protected":false},"excerpt":{"rendered":"<p>Symposium prend les questions de conflit d&rsquo;int\u00e9r\u00eats tr\u00e8s au s\u00e9rieux. Dans l&rsquo;int\u00e9r\u00eat de la transparence envers la communaut\u00e9 scientifique, nous pr\u00e9sentons ici notre politique en mati\u00e8re de conflits d&rsquo;int\u00e9r\u00eats: \u2014 Le r\u00e9dacteur ou la r\u00e9dactrice en chef ne soumettra pas son travail \u00e0 la revue, ne sera pas nomin\u00e9.e pour le Prix annuel du meilleur [&hellip;]<\/p>\n","protected":false},"author":19,"featured_media":0,"parent":4184,"menu_order":19,"comment_status":"closed","ping_status":"closed","template":"","meta":{"_et_pb_use_builder":"","_et_pb_old_content":"","_et_gb_content_width":"","footnotes":""},"class_list":["post-6847","page","type-page","status-publish","hentry"],"publishpress_future_action":{"enabled":false,"date":"2026-04-25 05:19:37","action":"Draft","newStatus":"draft","terms":[],"taxonomy":"translation_priority"},"publishpress_future_workflow_manual_trigger":{"enabledWorkflows":[]},"_links":{"self":[{"href":"https:\/\/c-scp.org\/fr\/wp-json\/wp\/v2\/pages\/6847","targetHints":{"allow":["GET"]}}],"collection":[{"href":"https:\/\/c-scp.org\/fr\/wp-json\/wp\/v2\/pages"}],"about":[{"href":"https:\/\/c-scp.org\/fr\/wp-json\/wp\/v2\/types\/page"}],"author":[{"embeddable":true,"href":"https:\/\/c-scp.org\/fr\/wp-json\/wp\/v2\/users\/19"}],"replies":[{"embeddable":true,"href":"https:\/\/c-scp.org\/fr\/wp-json\/wp\/v2\/comments?post=6847"}],"version-history":[{"count":3,"href":"https:\/\/c-scp.org\/fr\/wp-json\/wp\/v2\/pages\/6847\/revisions"}],"predecessor-version":[{"id":6892,"href":"https:\/\/c-scp.org\/fr\/wp-json\/wp\/v2\/pages\/6847\/revisions\/6892"}],"up":[{"embeddable":true,"href":"https:\/\/c-scp.org\/fr\/wp-json\/wp\/v2\/pages\/4184"}],"wp:attachment":[{"href":"https:\/\/c-scp.org\/fr\/wp-json\/wp\/v2\/media?parent=6847"}],"curies":[{"name":"wp","href":"https:\/\/api.w.org\/{rel}","templated":true}]}}