{"id":12851,"date":"2018-09-14T11:16:44","date_gmt":"2018-09-14T15:16:44","guid":{"rendered":"https:\/\/c-scp.org\/product\/conference-registration"},"modified":"2023-08-14T15:08:48","modified_gmt":"2023-08-14T19:08:48","slug":"conference-registration","status":"publish","type":"product","link":"https:\/\/c-scp.org\/fr\/produit\/conference-registration","title":{"rendered":"Inscription au Congr\u00e8s"},"content":{"rendered":"<h1>Bienvenue \u00e0 l&rsquo;inscription en ligne pour le Congr\u00e8s 2023 de la SCPC !<\/h1>\n<p><strong>Information importante :<\/strong><\/p>\n<ul>\n<li><strong><b class=\"cscp-red\">Toute personne participant au Congr\u00e8s 2023 doit \u00e9galement \u00eatre membre de la SCPC.<\/b> Si votre adh\u00e9sion \u00e0 la SCPC n&rsquo;est pas \u00e0 jour, veuillez d&rsquo;abord visiter <a href=\"https:\/\/c-scp.org\/fr\/produit\/adhesion\">la page d&rsquo;adh\u00e9sion<\/a> avant de compl\u00e9ter votre inscription au Congr\u00e8s. <\/strong><\/li>\n<\/ul>\n","protected":false},"excerpt":{"rendered":"<p>Bienvenue \u00e0 l&rsquo;inscription en ligne pour le Congr\u00e8s 2023 de la SCPC ! Information importante : Toute personne participant au Congr\u00e8s 2023 doit \u00e9galement \u00eatre membre de la SCPC. Si votre adh\u00e9sion \u00e0 la SCPC n&rsquo;est pas \u00e0 jour, veuillez d&rsquo;abord visiter la page d&rsquo;adh\u00e9sion avant de compl\u00e9ter votre inscription au Congr\u00e8s.<\/p>\n","protected":false},"featured_media":0,"template":"","meta":{"_et_pb_use_builder":"","_et_pb_old_content":"","_et_gb_content_width":""},"product_brand":[],"product_cat":[243],"product_tag":[],"class_list":{"0":"post-12851","1":"product","2":"type-product","3":"status-publish","5":"product_cat-uncategorized","7":"first","8":"instock","9":"sold-individually","10":"shipping-taxable","11":"purchasable","12":"product-type-variable"},"publishpress_future_workflow_manual_trigger":{"enabledWorkflows":[]},"_links":{"self":[{"href":"https:\/\/c-scp.org\/fr\/wp-json\/wp\/v2\/product\/12851","targetHints":{"allow":["GET"]}}],"collection":[{"href":"https:\/\/c-scp.org\/fr\/wp-json\/wp\/v2\/product"}],"about":[{"href":"https:\/\/c-scp.org\/fr\/wp-json\/wp\/v2\/types\/product"}],"wp:attachment":[{"href":"https:\/\/c-scp.org\/fr\/wp-json\/wp\/v2\/media?parent=12851"}],"wp:term":[{"taxonomy":"product_brand","embeddable":true,"href":"https:\/\/c-scp.org\/fr\/wp-json\/wp\/v2\/product_brand?post=12851"},{"taxonomy":"product_cat","embeddable":true,"href":"https:\/\/c-scp.org\/fr\/wp-json\/wp\/v2\/product_cat?post=12851"},{"taxonomy":"product_tag","embeddable":true,"href":"https:\/\/c-scp.org\/fr\/wp-json\/wp\/v2\/product_tag?post=12851"}],"curies":[{"name":"wp","href":"https:\/\/api.w.org\/{rel}","templated":true}]}}