{"id":4837,"date":"2016-03-16T15:51:04","date_gmt":"2016-03-16T19:51:04","guid":{"rendered":"https:\/\/c-scp.org\/en\/product\/adhesion"},"modified":"2025-06-08T18:10:54","modified_gmt":"2025-06-08T22:10:54","slug":"adhesion","status":"publish","type":"product","link":"https:\/\/c-scp.org\/fr\/produit\/adhesion","title":{"rendered":"Adh\u00e9sion"},"content":{"rendered":"","protected":false},"excerpt":{"rendered":"<p>Frais d\u2019adh\u00e9sion (en dollars canadien):<br \/>\nAbonnement de 3 ans (copie papier de Symposium): 180$<br \/>\nAbonnement de 3 ans (acc\u00e8s \u00e9lectronique \u00e0 Symposium): 120$<br \/>\nAbonnement r\u00e9gulier (copie papier de Symposium): <s>$75<\/s> $60 Tarif sp\u00e9cial pour la campagne d\u2019adh\u00e9sion, dur\u00e9e limit\u00e9e!<br \/>\nAbonnement r\u00e9gulier (acc\u00e8s \u00e9lectronique \u00e0 Symposium): <s>$50<\/s> $40 Tarif sp\u00e9cial pour la campagne d\u2019adh\u00e9sion<br \/>\nMembre \u00e9tudiant ou sans-emploi: (copie papier de Symposium): <s>$35<\/s> $15 Tarif sp\u00e9cial pour la campagne d\u2019adh\u00e9sion<br \/>\nMembre \u00e9tudiant ou sans-emploi: (acc\u00e8s \u00e9lectronique \u00e0 Symposium): <s>$30<\/s> Gratuit! Tarif sp\u00e9cial pour la campagne d\u2019adh\u00e9sion<\/p>\n","protected":false},"featured_media":0,"template":"","meta":{"_et_pb_use_builder":"off","_et_pb_old_content":"","_et_gb_content_width":""},"product_brand":[],"product_cat":[243],"product_tag":[],"class_list":{"0":"post-4837","1":"product","2":"type-product","3":"status-publish","5":"product_cat-uncategorized","7":"first","8":"instock","9":"sold-individually","10":"shipping-taxable","11":"purchasable","12":"product-type-variable"},"publishpress_future_workflow_manual_trigger":{"enabledWorkflows":[]},"_links":{"self":[{"href":"https:\/\/c-scp.org\/fr\/wp-json\/wp\/v2\/product\/4837","targetHints":{"allow":["GET"]}}],"collection":[{"href":"https:\/\/c-scp.org\/fr\/wp-json\/wp\/v2\/product"}],"about":[{"href":"https:\/\/c-scp.org\/fr\/wp-json\/wp\/v2\/types\/product"}],"wp:attachment":[{"href":"https:\/\/c-scp.org\/fr\/wp-json\/wp\/v2\/media?parent=4837"}],"wp:term":[{"taxonomy":"product_brand","embeddable":true,"href":"https:\/\/c-scp.org\/fr\/wp-json\/wp\/v2\/product_brand?post=4837"},{"taxonomy":"product_cat","embeddable":true,"href":"https:\/\/c-scp.org\/fr\/wp-json\/wp\/v2\/product_cat?post=4837"},{"taxonomy":"product_tag","embeddable":true,"href":"https:\/\/c-scp.org\/fr\/wp-json\/wp\/v2\/product_tag?post=4837"}],"curies":[{"name":"wp","href":"https:\/\/api.w.org\/{rel}","templated":true}]}}